{"id":16302,"date":"2024-01-02T09:28:35","date_gmt":"2024-01-02T09:28:35","guid":{"rendered":"https:\/\/www.joviat.com\/el-equipo\/"},"modified":"2025-08-01T07:52:00","modified_gmt":"2025-08-01T07:52:00","slug":"el-equipo","status":"publish","type":"page","link":"https:\/\/joviat.com\/es\/el-equipo\/","title":{"rendered":"El equipo"},"content":{"rendered":"<p><div class=\"fusion-fullwidth fullwidth-box fusion-builder-row-1 fusion-flex-container has-pattern-background has-mask-background nonhundred-percent-fullwidth non-hundred-percent-height-scrolling\" style=\"--awb-border-radius-top-left:0px;--awb-border-radius-top-right:0px;--awb-border-radius-bottom-right:0px;--awb-border-radius-bottom-left:0px;--awb-padding-top:5rem;--awb-padding-right:7%;--awb-padding-bottom:5rem;--awb-padding-left:7%;--awb-padding-top-medium:2rem;--awb-flex-wrap:wrap;\" ><div class=\"fusion-builder-row fusion-row fusion-flex-align-items-flex-start fusion-flex-content-wrap\" style=\"max-width:calc( 1750px + 0px );margin-left: calc(-0px \/ 2 );margin-right: calc(-0px \/ 2 );\"><div class=\"fusion-layout-column fusion_builder_column fusion-builder-column-0 fusion_builder_column_1_2 1_2 fusion-flex-column fusion-flex-align-self-stretch\" style=\"--awb-padding-top:10%;--awb-padding-right:10%;--awb-padding-bottom:10%;--awb-padding-left:10%;--awb-padding-top-medium:2.5rem;--awb-padding-bottom-medium:2rem;--awb-bg-size:cover;--awb-border-color:var(--awb-color7);--awb-border-style:solid;--awb-width-large:50%;--awb-margin-top-large:0px;--awb-spacing-right-large:0px;--awb-margin-bottom-large:0px;--awb-spacing-left-large:0px;--awb-width-medium:100%;--awb-order-medium:0;--awb-spacing-right-medium:0px;--awb-spacing-left-medium:0px;--awb-width-small:100%;--awb-order-small:0;--awb-spacing-right-small:0px;--awb-margin-bottom-small:20px;--awb-spacing-left-small:0px;\" data-scroll-devices=\"small-visibility,medium-visibility,large-visibility\"><div class=\"fusion-column-wrapper fusion-column-has-shadow fusion-flex-justify-content-center fusion-content-layout-column\"><div class=\"fusion-title title fusion-title-1 fusion-sep-none fusion-title-text fusion-title-size-two\" style=\"--awb-margin-bottom:2.5rem;\"><h2 class=\"fusion-title-heading title-heading-left fusion-responsive-typography-calculated\" style=\"margin:0;--fontSize:45;line-height:var(--awb-typography1-line-height);\">Docentes expertos en el terreno de juego profesional<\/h2><\/div><div class=\"fusion-text fusion-text-1 fusion-text-no-margin\" style=\"--awb-margin-bottom:0px;\"><p>Las <strong>personas <\/strong>son el valor principal de la organizaci\u00f3n y del proyecto educativo. Su <strong>profesionalidad<\/strong>, <strong>implicaci\u00f3n <\/strong>y <strong>compromiso <\/strong>se suman a un trato cercano, humano y directo, que constituye la base de la cultura relacional del centro. La responsabilidad individual tiene un impacto en el compromiso colectivo a favor de la convivencia y la cooperaci\u00f3n.  <\/p>\n<p>Contamos con un <strong>equipo <\/strong>de <strong>ciento <\/strong><strong>sesenta y tres personas<\/strong> entre <strong>gesti\u00f3n<\/strong>, <strong>servicios <\/strong>y <strong>docencia<\/strong>, al servicio del aprendizaje, que es nuestra raz\u00f3n de ser. Un equipo con un profundo conocimiento de las competencias t\u00e9cnicas profesionales, y preparado con herramientas para el acompa\u00f1amiento y la orientaci\u00f3n personal, acad\u00e9mica y laboral del alumnado. <\/p>\n<p>Nuestro modelo educativo requiere que el profesorado est\u00e9 constantemente a la vanguardia de la innovaci\u00f3n pedag\u00f3gica y en <strong>formaci\u00f3n constante<\/strong> en metodolog\u00edas, nuevas tecnolog\u00edas y herramientas para la vida, que incluyen <strong>habilidades<\/strong> personales, sociales y comunicativas.<\/p>\n<p>En <strong>JOVIAT <\/strong>creemos que todas las personas somos agentes de cambio. Por este motivo, escogemos una nueva <strong>forma de ser<\/strong> m\u00e1s <strong>consciente <\/strong>y <strong>responsable<\/strong>, y creamos nuevas maneras de relacionarnos para convertirnos en referentes y modelos para una nueva sociedad enfocada al bien com\u00fan.<\/p>\n<\/div><\/div><\/div><div class=\"fusion-layout-column fusion_builder_column fusion-builder-column-1 fusion_builder_column_1_2 1_2 fusion-flex-column fusion-flex-align-self-stretch height-600\" style=\"--awb-bg-image:url(&#039;https:\/\/joviat.com\/wp-content\/uploads\/2024\/02\/joviat-professional-2x-e1711543084927.jpg&#039;);--awb-bg-position:center top;--awb-bg-size:cover;--awb-border-color:var(--awb-color7);--awb-border-style:solid;--awb-width-large:50%;--awb-margin-top-large:0px;--awb-spacing-right-large:0px;--awb-margin-bottom-large:0px;--awb-spacing-left-large:0px;--awb-width-medium:100%;--awb-order-medium:0;--awb-margin-top-medium:1.5rem;--awb-spacing-right-medium:0px;--awb-spacing-left-medium:0px;--awb-width-small:100%;--awb-order-small:0;--awb-spacing-right-small:0px;--awb-spacing-left-small:0px;\" data-scroll-devices=\"small-visibility,medium-visibility,large-visibility\"><div class=\"fusion-column-wrapper fusion-column-has-shadow fusion-flex-justify-content-center fusion-content-layout-column fusion-empty-column-bg-image fusion-column-has-bg-image\" data-bg-url=\"https:\/\/joviat.com\/wp-content\/uploads\/2024\/02\/joviat-professional-2x-e1711543084927.jpg\"><img decoding=\"async\" class=\"fusion-empty-dims-img-placeholder\" aria-label=\"joviat-professional-2x\" src=\"data:image\/svg+xml,%3Csvg%20xmlns%3D%27http%3A%2F%2Fwww.w3.org%2F2000%2Fsvg%27%20width%3D%27899%27%20height%3D%271159%27%20viewBox%3D%270%200%20899%201159%27%3E%3Crect%20width%3D%27899%27%20height%3D%271159%27%20fill-opacity%3D%220%22%2F%3E%3C%2Fsvg%3E\"><\/div><\/div><\/div><\/div><\/p>\n","protected":false},"excerpt":{"rendered":"","protected":false},"author":1,"featured_media":0,"parent":0,"menu_order":0,"comment_status":"closed","ping_status":"closed","template":"100-width.php","meta":{"_acf_changed":false,"footnotes":""},"class_list":["post-16302","page","type-page","status-publish","hentry"],"acf":[],"_links":{"self":[{"href":"https:\/\/joviat.com\/es\/wp-json\/wp\/v2\/pages\/16302","targetHints":{"allow":["GET"]}}],"collection":[{"href":"https:\/\/joviat.com\/es\/wp-json\/wp\/v2\/pages"}],"about":[{"href":"https:\/\/joviat.com\/es\/wp-json\/wp\/v2\/types\/page"}],"author":[{"embeddable":true,"href":"https:\/\/joviat.com\/es\/wp-json\/wp\/v2\/users\/1"}],"replies":[{"embeddable":true,"href":"https:\/\/joviat.com\/es\/wp-json\/wp\/v2\/comments?post=16302"}],"version-history":[{"count":2,"href":"https:\/\/joviat.com\/es\/wp-json\/wp\/v2\/pages\/16302\/revisions"}],"predecessor-version":[{"id":16304,"href":"https:\/\/joviat.com\/es\/wp-json\/wp\/v2\/pages\/16302\/revisions\/16304"}],"wp:attachment":[{"href":"https:\/\/joviat.com\/es\/wp-json\/wp\/v2\/media?parent=16302"}],"curies":[{"name":"wp","href":"https:\/\/api.w.org\/{rel}","templated":true}]}}