{"id":16320,"date":"2025-07-15T08:53:59","date_gmt":"2025-07-15T08:53:59","guid":{"rendered":"https:\/\/www.joviat.com\/servicio-de-orientacion\/"},"modified":"2025-08-01T08:44:12","modified_gmt":"2025-08-01T08:44:12","slug":"servicio-de-orientacion","status":"publish","type":"page","link":"https:\/\/joviat.com\/es\/servicio-de-orientacion\/","title":{"rendered":"Servicio de Orientaci\u00f3n"},"content":{"rendered":"<p><div class=\"fusion-fullwidth fullwidth-box fusion-builder-row-1 fusion-flex-container has-pattern-background has-mask-background nonhundred-percent-fullwidth non-hundred-percent-height-scrolling\" style=\"--awb-border-radius-top-left:0px;--awb-border-radius-top-right:0px;--awb-border-radius-bottom-right:0px;--awb-border-radius-bottom-left:0px;--awb-padding-top:0px;--awb-padding-right:7%;--awb-padding-bottom:44px;--awb-padding-left:7%;--awb-padding-top-small:0px;--awb-padding-bottom-small:0px;--awb-margin-top:0px;--awb-margin-top-small:0px;--awb-background-color:var(--awb-color7);--awb-flex-wrap:wrap;\" ><div class=\"fusion-builder-row fusion-row fusion-flex-align-items-flex-start fusion-flex-content-wrap\" style=\"max-width:1820px;margin-left: calc(-4% \/ 2 );margin-right: calc(-4% \/ 2 );\"><div class=\"fusion-layout-column fusion_builder_column fusion-builder-column-0 fusion_builder_column_1_1 1_1 fusion-flex-column fusion-flex-align-self-stretch\" style=\"--awb-bg-size:cover;--awb-border-color:var(--awb-color7);--awb-border-style:solid;--awb-width-large:100%;--awb-margin-top-large:2.5rem;--awb-spacing-right-large:1.92%;--awb-margin-bottom-large:0px;--awb-spacing-left-large:1.92%;--awb-width-medium:100%;--awb-order-medium:0;--awb-spacing-right-medium:1.92%;--awb-spacing-left-medium:1.92%;--awb-width-small:100%;--awb-order-small:0;--awb-spacing-right-small:1.92%;--awb-margin-bottom-small:2.5rem;--awb-spacing-left-small:1.92%;\" data-scroll-devices=\"small-visibility,medium-visibility,large-visibility\"><div class=\"fusion-column-wrapper fusion-column-has-shadow fusion-flex-justify-content-center fusion-content-layout-row\"><div style=\"text-align:center;\"><a class=\"fusion-button button-flat fusion-button-default-size button-default fusion-button-default button-1 fusion-button-default-span fusion-button-default-type fusion-animated\" data-animationType=\"fadeInUp\" data-animationDuration=\"0.8\" data-animationOffset=\"top-into-view\" target=\"_blank\" rel=\"noopener noreferrer\" href=\"https:\/\/outlook.office.com\/book\/JOVIATServeiOrientaci@joviat.cat\/?ismsaljsauthenabled\"><span class=\"fusion-button-text awb-button__text awb-button__text--default\">Solicita tu hora de visita<\/span><\/a><\/div><\/div><\/div><\/div><\/div><div class=\"fusion-fullwidth fullwidth-box fusion-builder-row-2 fusion-flex-container has-pattern-background has-mask-background nonhundred-percent-fullwidth non-hundred-percent-height-scrolling\" style=\"--awb-border-radius-top-left:0px;--awb-border-radius-top-right:0px;--awb-border-radius-bottom-right:0px;--awb-border-radius-bottom-left:0px;--awb-padding-top:5rem;--awb-padding-right:7%;--awb-padding-bottom:5rem;--awb-padding-left:7%;--awb-padding-top-medium:2.5rem;--awb-flex-wrap:wrap;\" ><div class=\"fusion-builder-row fusion-row fusion-flex-align-items-flex-start fusion-flex-content-wrap\" style=\"max-width:1820px;margin-left: calc(-4% \/ 2 );margin-right: calc(-4% \/ 2 );\"><div class=\"fusion-layout-column fusion_builder_column fusion-builder-column-1 fusion_builder_column_1_2 1_2 fusion-flex-column fusion-flex-align-self-stretch\" style=\"--awb-bg-size:cover;--awb-border-color:var(--awb-color7);--awb-border-style:solid;--awb-width-large:50%;--awb-margin-top-large:2.5rem;--awb-spacing-right-large:3.84%;--awb-margin-bottom-large:0px;--awb-spacing-left-large:3.84%;--awb-width-medium:100%;--awb-order-medium:0;--awb-spacing-right-medium:1.92%;--awb-spacing-left-medium:1.92%;--awb-width-small:100%;--awb-order-small:0;--awb-spacing-right-small:1.92%;--awb-margin-bottom-small:2.5rem;--awb-spacing-left-small:1.92%;\" data-scroll-devices=\"small-visibility,medium-visibility,large-visibility\"><div class=\"fusion-column-wrapper fusion-column-has-shadow fusion-flex-justify-content-center fusion-content-layout-column\"><div class=\"fusion-image-element \" style=\"--awb-aspect-ratio: 100 \/ 48;--awb-caption-title-font-family:var(--h2_typography-font-family);--awb-caption-title-font-weight:var(--h2_typography-font-weight);--awb-caption-title-font-style:var(--h2_typography-font-style);--awb-caption-title-size:var(--h2_typography-font-size);--awb-caption-title-transform:var(--h2_typography-text-transform);--awb-caption-title-line-height:var(--h2_typography-line-height);--awb-caption-title-letter-spacing:var(--h2_typography-letter-spacing);\"><span class=\" fusion-imageframe imageframe-none imageframe-1 hover-type-none has-aspect-ratio\"><img decoding=\"async\" width=\"1600\" height=\"600\" title=\"brujula\" src=\"https:\/\/joviat.com\/wp-content\/uploads\/2025\/07\/brujula.jpg\" class=\"img-responsive wp-image-15857 img-with-aspect-ratio\" data-parent-fit=\"cover\" data-parent-container=\".fusion-image-element\" alt srcset=\"https:\/\/joviat.com\/wp-content\/uploads\/2025\/07\/brujula-200x75.jpg 200w, https:\/\/joviat.com\/wp-content\/uploads\/2025\/07\/brujula-400x150.jpg 400w, https:\/\/joviat.com\/wp-content\/uploads\/2025\/07\/brujula-600x225.jpg 600w, https:\/\/joviat.com\/wp-content\/uploads\/2025\/07\/brujula-800x300.jpg 800w, https:\/\/joviat.com\/wp-content\/uploads\/2025\/07\/brujula-1200x450.jpg 1200w, https:\/\/joviat.com\/wp-content\/uploads\/2025\/07\/brujula.jpg 1600w\" sizes=\"(max-width: 640px) 100vw, 1200px\" \/><\/span><\/div><\/div><\/div><div class=\"fusion-layout-column fusion_builder_column fusion-builder-column-2 fusion_builder_column_1_2 1_2 fusion-flex-column fusion-flex-align-self-stretch\" style=\"--awb-bg-size:cover;--awb-border-color:var(--awb-color7);--awb-border-style:solid;--awb-width-large:50%;--awb-margin-top-large:2.5rem;--awb-spacing-right-large:3.84%;--awb-margin-bottom-large:0px;--awb-spacing-left-large:3.84%;--awb-width-medium:100%;--awb-order-medium:0;--awb-spacing-right-medium:1.92%;--awb-spacing-left-medium:1.92%;--awb-width-small:100%;--awb-order-small:0;--awb-spacing-right-small:0%;--awb-margin-bottom-small:2.5rem;--awb-spacing-left-small:0%;\" data-scroll-devices=\"small-visibility,medium-visibility,large-visibility\"><div class=\"fusion-column-wrapper fusion-column-has-shadow fusion-flex-justify-content-center fusion-content-layout-column\"><div class=\"fusion-text fusion-text-1 fusion-text-no-margin\" style=\"--awb-margin-right:20px;--awb-margin-bottom:0px;--awb-margin-left:20px;\"><p style=\"text-align: left;\"><b style=\"font-size: 36px;\" data-fusion-font=\"true\">\u00bfNecesitas concretar tu objetivo profesional y\/o planificar tu itinerario formativo?<\/b><\/p>\n<p><span style=\"font-weight: 400;\">En JOVIAT te ofrecemos un servicio de orientaci\u00f3n personalizado y gratuito donde te acompa\u00f1amos en tu proceso de toma de decisiones profesionales y formativas, para:<\/span><\/p>\n<ul>\n<li style=\"font-weight: 400;\" aria-level=\"1\"><span style=\"font-weight: 400;\">Identificar tus intereses y necesidades.<\/span><\/li>\n<li style=\"font-weight: 400;\" aria-level=\"1\"><span style=\"font-weight: 400;\">Conocer las distintas ocupaciones, la oferta de formaci\u00f3n profesional y el mercado de trabajo.<\/span><\/li>\n<li style=\"font-weight: 400;\" aria-level=\"1\"><span style=\"font-weight: 400;\">Definir tu objetivo profesional.<\/span><\/li>\n<li style=\"font-weight: 400;\" aria-level=\"1\"><span style=\"font-weight: 400;\">Planificar un itinerario formativo realista y adaptado a ti.<\/span><\/li>\n<\/ul>\n<\/div><\/div><\/div><\/div><\/div><div class=\"fusion-fullwidth fullwidth-box fusion-builder-row-3 fusion-flex-container has-pattern-background has-mask-background nonhundred-percent-fullwidth non-hundred-percent-height-scrolling\" style=\"--awb-border-radius-top-left:0px;--awb-border-radius-top-right:0px;--awb-border-radius-bottom-right:0px;--awb-border-radius-bottom-left:0px;--awb-padding-top:5rem;--awb-padding-right:7%;--awb-padding-bottom:5rem;--awb-padding-left:7%;--awb-background-color:var(--awb-color7);--awb-flex-wrap:wrap;\" ><div class=\"fusion-builder-row fusion-row fusion-flex-align-items-flex-start fusion-flex-content-wrap\" style=\"max-width:1820px;margin-left: calc(-4% \/ 2 );margin-right: calc(-4% \/ 2 );\"><div class=\"fusion-layout-column fusion_builder_column fusion-builder-column-3 fusion_builder_column_1_2 1_2 fusion-flex-column fusion-flex-align-self-stretch\" style=\"--awb-bg-size:cover;--awb-border-color:var(--awb-color7);--awb-border-style:solid;--awb-width-large:50%;--awb-margin-top-large:2.5rem;--awb-spacing-right-large:3.84%;--awb-margin-bottom-large:0px;--awb-spacing-left-large:3.84%;--awb-width-medium:100%;--awb-order-medium:0;--awb-spacing-right-medium:1.92%;--awb-spacing-left-medium:1.92%;--awb-width-small:100%;--awb-order-small:0;--awb-spacing-right-small:0%;--awb-margin-bottom-small:2.5rem;--awb-spacing-left-small:0%;\" data-scroll-devices=\"small-visibility,medium-visibility,large-visibility\"><div class=\"fusion-column-wrapper fusion-column-has-shadow fusion-flex-justify-content-center fusion-content-layout-column\"><div class=\"fusion-text fusion-text-2 fusion-text-no-margin\" style=\"--awb-margin-right:20px;--awb-margin-bottom:0px;--awb-margin-left:20px;\"><p style=\"text-align: left;\"><b style=\"font-size: 36px; color: #ffffff;\" data-fusion-font=\"true\">\u00bfA qui\u00e9n se dirige?<\/b><\/p>\n<p style=\"color: #ffffff;\">A cualquier persona que necesite orientaci\u00f3n para encarar su futuro, cualquiera que sea el momento vital, los estudios realizados o la experiencia profesional previa.<\/p>\n<\/div><\/div><\/div><div class=\"fusion-layout-column fusion_builder_column fusion-builder-column-4 fusion_builder_column_1_2 1_2 fusion-flex-column fusion-flex-align-self-stretch\" style=\"--awb-bg-size:cover;--awb-border-color:var(--awb-color7);--awb-border-style:solid;--awb-width-large:50%;--awb-margin-top-large:2.5rem;--awb-spacing-right-large:3.84%;--awb-margin-bottom-large:0px;--awb-spacing-left-large:3.84%;--awb-width-medium:100%;--awb-order-medium:0;--awb-spacing-right-medium:1.92%;--awb-spacing-left-medium:1.92%;--awb-width-small:100%;--awb-order-small:0;--awb-spacing-right-small:0%;--awb-margin-bottom-small:2.5rem;--awb-spacing-left-small:0%;\" data-scroll-devices=\"small-visibility,medium-visibility,large-visibility\"><div class=\"fusion-column-wrapper fusion-column-has-shadow fusion-flex-justify-content-center fusion-content-layout-column\"><div class=\"fusion-text fusion-text-3 fusion-text-no-margin\" style=\"--awb-margin-right:20px;--awb-margin-bottom:0px;--awb-margin-left:20px;\"><p style=\"text-align: left;\"><b style=\"font-size: 36px; color: #ffffff;\" data-fusion-font=\"true\">\u00bfC\u00f3mo lo hacemos?<\/b><\/p>\n<p style=\"color: #ffffff;\">A trav\u00e9s de un plan de trabajo individualizado, con sesiones de acompa\u00f1amiento en las que se ofrecen herramientas y recursos \u00fatiles para explorar opciones y tomar decisiones con confianza y autonom\u00eda.<\/p>\n<\/div><\/div><\/div><\/div><\/div><div class=\"fusion-fullwidth fullwidth-box fusion-builder-row-4 fusion-flex-container has-pattern-background has-mask-background nonhundred-percent-fullwidth non-hundred-percent-height-scrolling fusion-no-medium-visibility fusion-no-large-visibility\" style=\"--awb-border-radius-top-left:0px;--awb-border-radius-top-right:0px;--awb-border-radius-bottom-right:0px;--awb-border-radius-bottom-left:0px;--awb-flex-wrap:wrap;\" ><div class=\"fusion-builder-row fusion-row fusion-flex-align-items-flex-start fusion-flex-content-wrap\" style=\"max-width:1820px;margin-left: calc(-4% \/ 2 );margin-right: calc(-4% \/ 2 );\"><div class=\"fusion-layout-column fusion_builder_column fusion-builder-column-5 fusion_builder_column_1_1 1_1 fusion-flex-column\" style=\"--awb-bg-size:cover;--awb-width-large:100%;--awb-margin-top-large:0px;--awb-spacing-right-large:1.92%;--awb-margin-bottom-large:20px;--awb-spacing-left-large:1.92%;--awb-width-medium:100%;--awb-order-medium:0;--awb-spacing-right-medium:1.92%;--awb-spacing-left-medium:1.92%;--awb-width-small:100%;--awb-order-small:0;--awb-spacing-right-small:1.92%;--awb-spacing-left-small:1.92%;\"><div class=\"fusion-column-wrapper fusion-column-has-shadow fusion-flex-justify-content-flex-start fusion-content-layout-column\"><div class=\"fusion-image-element awb-imageframe-style awb-imageframe-style-below awb-imageframe-style-2\" style=\"text-align:center;--awb-aspect-ratio: 100 \/ 60;--awb-margin-top:30px;--awb-margin-right:30px;--awb-caption-title-font-family:var(--h6_typography-font-family);--awb-caption-title-font-weight:var(--h6_typography-font-weight);--awb-caption-title-font-style:var(--h6_typography-font-style);--awb-caption-title-size:12px;--awb-caption-title-transform:var(--h6_typography-text-transform);--awb-caption-title-line-height:var(--h6_typography-line-height);--awb-caption-title-letter-spacing:var(--h6_typography-letter-spacing);\"><span class=\" fusion-imageframe imageframe-none imageframe-2 hover-type-none has-aspect-ratio\"><img decoding=\"async\" width=\"1600\" height=\"600\" alt=\"Recorregut del proc\u00e9s d\u2019orientaci\u00f3 professional\" title=\"Infografia_web\" src=\"https:\/\/joviat.com\/wp-content\/uploads\/2025\/07\/Infografia_web.jpg\" class=\"img-responsive wp-image-15867 img-with-aspect-ratio\" data-parent-fit=\"cover\" data-parent-container=\".fusion-image-element\" srcset=\"https:\/\/joviat.com\/wp-content\/uploads\/2025\/07\/Infografia_web-200x75.jpg 200w, https:\/\/joviat.com\/wp-content\/uploads\/2025\/07\/Infografia_web-400x150.jpg 400w, https:\/\/joviat.com\/wp-content\/uploads\/2025\/07\/Infografia_web-600x225.jpg 600w, https:\/\/joviat.com\/wp-content\/uploads\/2025\/07\/Infografia_web-800x300.jpg 800w, https:\/\/joviat.com\/wp-content\/uploads\/2025\/07\/Infografia_web-1200x450.jpg 1200w, https:\/\/joviat.com\/wp-content\/uploads\/2025\/07\/Infografia_web.jpg 1600w\" sizes=\"(max-width: 640px) 100vw, 1600px\" \/><\/span><div class=\"awb-imageframe-caption-container sm-text-align-center\" style=\"text-align:left;\"><div class=\"awb-imageframe-caption\"><h6 class=\"awb-imageframe-caption-title\">Infografia_web<\/h6><\/div><\/div><\/div><\/div><\/div><\/div><\/div><div class=\"fusion-fullwidth fullwidth-box fusion-builder-row-5 fusion-flex-container has-pattern-background has-mask-background nonhundred-percent-fullwidth non-hundred-percent-height-scrolling fusion-no-small-visibility\" style=\"--awb-border-radius-top-left:0px;--awb-border-radius-top-right:0px;--awb-border-radius-bottom-right:0px;--awb-border-radius-bottom-left:0px;--awb-padding-bottom:33px;--awb-flex-wrap:wrap;\" ><div class=\"fusion-builder-row fusion-row fusion-flex-align-items-flex-start fusion-flex-content-wrap\" style=\"max-width:1820px;margin-left: calc(-4% \/ 2 );margin-right: calc(-4% \/ 2 );\"><div class=\"fusion-layout-column fusion_builder_column fusion-builder-column-6 fusion_builder_column_1_1 1_1 fusion-flex-column\" style=\"--awb-bg-size:cover;--awb-width-large:100%;--awb-margin-top-large:0px;--awb-spacing-right-large:1.92%;--awb-margin-bottom-large:20px;--awb-spacing-left-large:1.92%;--awb-width-medium:100%;--awb-order-medium:0;--awb-spacing-right-medium:1.92%;--awb-spacing-left-medium:1.92%;--awb-width-small:100%;--awb-order-small:0;--awb-spacing-right-small:1.92%;--awb-spacing-left-small:1.92%;\"><div class=\"fusion-column-wrapper fusion-column-has-shadow fusion-flex-justify-content-flex-start fusion-content-layout-column\"><div class=\"fusion-image-element awb-imageframe-style awb-imageframe-style-below awb-imageframe-style-3\" style=\"text-align:center;--awb-margin-top:30px;--awb-margin-right:30px;--awb-caption-title-font-family:var(--h6_typography-font-family);--awb-caption-title-font-weight:var(--h6_typography-font-weight);--awb-caption-title-font-style:var(--h6_typography-font-style);--awb-caption-title-size:var(--h6_typography-font-size);--awb-caption-title-transform:var(--h6_typography-text-transform);--awb-caption-title-line-height:var(--h6_typography-line-height);--awb-caption-title-letter-spacing:var(--h6_typography-letter-spacing);\"><span class=\" fusion-imageframe imageframe-none imageframe-3 hover-type-none\"><img decoding=\"async\" width=\"1600\" height=\"600\" alt=\"Recorregut del proc\u00e9s d\u2019orientaci\u00f3 professional\" title=\"Infografia_web\" src=\"https:\/\/joviat.com\/wp-content\/uploads\/2025\/07\/Infografia_web.jpg\" class=\"img-responsive wp-image-15867\" srcset=\"https:\/\/joviat.com\/wp-content\/uploads\/2025\/07\/Infografia_web-200x75.jpg 200w, https:\/\/joviat.com\/wp-content\/uploads\/2025\/07\/Infografia_web-400x150.jpg 400w, https:\/\/joviat.com\/wp-content\/uploads\/2025\/07\/Infografia_web-600x225.jpg 600w, https:\/\/joviat.com\/wp-content\/uploads\/2025\/07\/Infografia_web-800x300.jpg 800w, https:\/\/joviat.com\/wp-content\/uploads\/2025\/07\/Infografia_web-1200x450.jpg 1200w, https:\/\/joviat.com\/wp-content\/uploads\/2025\/07\/Infografia_web.jpg 1600w\" sizes=\"(max-width: 640px) 100vw, 1600px\" \/><\/span><div class=\"awb-imageframe-caption-container\" style=\"text-align:center;\"><div class=\"awb-imageframe-caption\"><h6 class=\"awb-imageframe-caption-title\">Infografia_web<\/h6><\/div><\/div><\/div><\/div><\/div><\/div><\/div><\/p>\n","protected":false},"excerpt":{"rendered":"","protected":false},"author":14,"featured_media":0,"parent":0,"menu_order":0,"comment_status":"closed","ping_status":"closed","template":"100-width.php","meta":{"_acf_changed":false,"footnotes":""},"class_list":["post-16320","page","type-page","status-publish","hentry"],"acf":[],"_links":{"self":[{"href":"https:\/\/joviat.com\/es\/wp-json\/wp\/v2\/pages\/16320","targetHints":{"allow":["GET"]}}],"collection":[{"href":"https:\/\/joviat.com\/es\/wp-json\/wp\/v2\/pages"}],"about":[{"href":"https:\/\/joviat.com\/es\/wp-json\/wp\/v2\/types\/page"}],"author":[{"embeddable":true,"href":"https:\/\/joviat.com\/es\/wp-json\/wp\/v2\/users\/14"}],"replies":[{"embeddable":true,"href":"https:\/\/joviat.com\/es\/wp-json\/wp\/v2\/comments?post=16320"}],"version-history":[{"count":2,"href":"https:\/\/joviat.com\/es\/wp-json\/wp\/v2\/pages\/16320\/revisions"}],"predecessor-version":[{"id":16322,"href":"https:\/\/joviat.com\/es\/wp-json\/wp\/v2\/pages\/16320\/revisions\/16322"}],"wp:attachment":[{"href":"https:\/\/joviat.com\/es\/wp-json\/wp\/v2\/media?parent=16320"}],"curies":[{"name":"wp","href":"https:\/\/api.w.org\/{rel}","templated":true}]}}