{"id":16371,"date":"2025-03-04T09:13:38","date_gmt":"2025-03-04T09:13:38","guid":{"rendered":"https:\/\/www.joviat.com\/reunion-informativa-bachillerato-dual-americano\/"},"modified":"2025-08-20T05:59:50","modified_gmt":"2025-08-20T05:59:50","slug":"reunion-informativa-bachillerato-dual-americano","status":"publish","type":"page","link":"https:\/\/joviat.com\/es\/reunion-informativa-bachillerato-dual-americano\/","title":{"rendered":"Reuni\u00f3n Informativa Bachillerato Dual Americano"},"content":{"rendered":"<div class=\"fusion-fullwidth fullwidth-box fusion-builder-row-1 fusion-flex-container has-pattern-background has-mask-background nonhundred-percent-fullwidth non-hundred-percent-height-scrolling\" style=\"--awb-border-radius-top-left:0px;--awb-border-radius-top-right:0px;--awb-border-radius-bottom-right:0px;--awb-border-radius-bottom-left:0px;--awb-padding-top:5rem;--awb-padding-right:7%;--awb-padding-bottom:5rem;--awb-padding-left:7%;--awb-flex-wrap:wrap;\" ><div class=\"fusion-builder-row fusion-row fusion-flex-align-items-flex-start fusion-flex-content-wrap\" style=\"max-width:1820px;margin-left: calc(-4% \/ 2 );margin-right: calc(-4% \/ 2 );\"><div class=\"fusion-layout-column fusion_builder_column fusion-builder-column-0 fusion_builder_column_1_1 1_1 fusion-flex-column\" style=\"--awb-padding-top-small:80px;--awb-bg-size:cover;--awb-width-large:100%;--awb-margin-top-large:0px;--awb-spacing-right-large:1.92%;--awb-margin-bottom-large:0px;--awb-spacing-left-large:1.92%;--awb-width-medium:100%;--awb-order-medium:0;--awb-spacing-right-medium:1.92%;--awb-spacing-left-medium:1.92%;--awb-width-small:100%;--awb-order-small:0;--awb-spacing-right-small:1.92%;--awb-spacing-left-small:1.92%;\" data-scroll-devices=\"small-visibility,medium-visibility,large-visibility\"><div class=\"fusion-column-wrapper fusion-column-has-shadow fusion-flex-justify-content-flex-start fusion-content-layout-column\"><div class=\"fusion-title title fusion-title-1 fusion-sep-none fusion-title-text fusion-title-size-two\"><h2 class=\"fusion-title-heading title-heading-left fusion-responsive-typography-calculated\" style=\"margin:0;--fontSize:45;line-height:var(--awb-typography1-line-height);\"><div><strong style=\"color: var(--awb-text-color);font-family: var(--h2_typography-font-family);font-size: 1em;font-style: var(--h2_typography-font-style,normal);letter-spacing: var(--h2_typography-letter-spacing);text-transform: var(--h2_typography-text-transform);background-color: var(--awb-bg-color-hover)\">Reuni\u00f3n Informativa<\/strong><\/div>\n<p><strong>Jueves, 10 de abril a las 19:30h<\/strong><br \/><strong>y Martes, 29 de abril a las 19:30h<\/strong><\/h2><\/div><div class=\"fusion-form fusion-form-builder fusion-form-form-wrapper fusion-form-15728\" style=\"--awb-tooltip-text-color:#ffffff;--awb-tooltip-background-color:#333333;\" data-form-id=\"15728\" data-config=\"{&quot;form_id&quot;:15728,&quot;form_post_id&quot;:15728,&quot;post_id&quot;:16371,&quot;form_type&quot;:&quot;ajax&quot;,&quot;confirmation_type&quot;:&quot;redirect&quot;,&quot;redirect_url&quot;:&quot;https:\\\/\\\/joviat.com\\\/gracies\\\/&quot;,&quot;redirect_timeout&quot;:&quot;0&quot;,&quot;field_labels&quot;:{&quot;nom&quot;:&quot;Nombre&quot;,&quot;cognom&quot;:&quot;Apellido&quot;,&quot;correu_electronic&quot;:&quot;Correo electr\\u00f3nico&quot;,&quot;sessions&quot;:&quot;\\u00bfA qu\\u00e9 sesi\\u00f3n vendr\\u00e1?&quot;,&quot;rgpd&quot;:&quot;&quot;},&quot;field_logics&quot;:{&quot;nom&quot;:&quot;&quot;,&quot;cognom&quot;:&quot;&quot;,&quot;correu_electronic&quot;:&quot;&quot;,&quot;sessions&quot;:&quot;&quot;,&quot;rgpd&quot;:&quot;&quot;,&quot;submit_1&quot;:&quot;&quot;},&quot;field_types&quot;:{&quot;nom&quot;:&quot;text&quot;,&quot;cognom&quot;:&quot;text&quot;,&quot;correu_electronic&quot;:&quot;email&quot;,&quot;sessions&quot;:&quot;checkbox&quot;,&quot;rgpd&quot;:&quot;checkbox&quot;,&quot;submit_1&quot;:&quot;submit&quot;},&quot;nonce_method&quot;:&quot;ajax&quot;,&quot;form_views&quot;:&quot;ajax&quot;,&quot;form_views_counting&quot;:&quot;non_admins&quot;}\"><form action=\"https:\/\/joviat.com\/es\/reunion-informativa-bachillerato-dual-americano\/\" method=\"post\" class=\"fusion-form fusion-form-15728\"><div class=\"fusion-fullwidth fullwidth-box fusion-builder-row-1-1 fusion-flex-container has-pattern-background has-mask-background nonhundred-percent-fullwidth non-hundred-percent-height-scrolling\" style=\"--awb-border-radius-top-left:0px;--awb-border-radius-top-right:0px;--awb-border-radius-bottom-right:0px;--awb-border-radius-bottom-left:0px;--awb-padding-right:0px;--awb-padding-left:0px;--awb-flex-wrap:wrap;\" ><div class=\"fusion-builder-row fusion-row fusion-flex-align-items-flex-start fusion-flex-content-wrap\" style=\"width:104% !important;max-width:104% !important;margin-left: calc(-4% \/ 2 );margin-right: calc(-4% \/ 2 );\"><div class=\"fusion-layout-column fusion_builder_column fusion-builder-column-1 fusion_builder_column_1_1 1_1 fusion-flex-column\" style=\"--awb-bg-size:cover;--awb-width-large:100%;--awb-flex-grow:0;--awb-flex-shrink:0;--awb-margin-top-large:0px;--awb-spacing-right-large:1.92%;--awb-margin-bottom-large:20px;--awb-spacing-left-large:1.92%;--awb-width-medium:100%;--awb-order-medium:0;--awb-flex-grow-medium:0;--awb-flex-shrink-medium:0;--awb-spacing-right-medium:1.92%;--awb-spacing-left-medium:1.92%;--awb-width-small:100%;--awb-order-small:0;--awb-flex-grow-small:0;--awb-flex-shrink-small:0;--awb-spacing-right-small:1.92%;--awb-spacing-left-small:1.92%;\" data-scroll-devices=\"small-visibility,medium-visibility,large-visibility\"><div class=\"fusion-column-wrapper fusion-column-has-shadow fusion-flex-justify-content-flex-start fusion-content-layout-column\"><div class=\"fusion-form-field fusion-form-text-field fusion-form-label-above\" style=\"\" data-form-id=\"15728\"><div class=\"fusion-form-label-wrapper\"><label for=\"nom\">Nombre <abbr class=\"fusion-form-element-required\" title=\"required\">*<\/abbr><\/label><\/div><input type=\"text\" autocomplete=\"off\"  data-empty-notice=\"Aquest camp \u00e9s obligatori\" name=\"nom\" id=\"nom\" value=\"\"  class=\"fusion-form-input\" required=\"true\" aria-required=\"true\" data-holds-private-data=\"false\" minlength=\"0\"\/><\/div><div class=\"fusion-form-field fusion-form-text-field fusion-form-label-above\" style=\"\" data-form-id=\"15728\"><div class=\"fusion-form-label-wrapper\"><label for=\"cognom\">Apellido <abbr class=\"fusion-form-element-required\" title=\"required\">*<\/abbr><\/label><\/div><input type=\"text\" autocomplete=\"off\"  data-empty-notice=\"Aquest camp \u00e9s obligatori\" name=\"cognom\" id=\"cognom\" value=\"\"  class=\"fusion-form-input\" required=\"true\" aria-required=\"true\" data-holds-private-data=\"false\" minlength=\"0\"\/><\/div><div class=\"fusion-form-field fusion-form-email-field fusion-form-label-above\" style=\"\" data-form-id=\"15728\"><div class=\"fusion-form-label-wrapper\"><label for=\"correu_electronic\">Correo electr\u00f3nico <abbr class=\"fusion-form-element-required\" title=\"required\">*<\/abbr><\/label><\/div><input type=\"email\" autocomplete=\"off\"  data-empty-notice=\"Aquest camp \u00e9s obligatori\" name=\"correu_electronic\" id=\"correu_electronic\" value=\"\"  class=\"fusion-form-input\" required=\"true\" aria-required=\"true\" data-holds-private-data=\"false\"\/><\/div><\/div><\/div><\/div><\/div><div class=\"fusion-fullwidth fullwidth-box fusion-builder-row-1-2 fusion-flex-container has-pattern-background has-mask-background nonhundred-percent-fullwidth non-hundred-percent-height-scrolling\" style=\"--awb-border-sizes-top:1px;--awb-border-sizes-bottom:1px;--awb-border-sizes-left:1px;--awb-border-sizes-right:1px;--awb-border-color:#101820;--awb-border-radius-top-left:0px;--awb-border-radius-top-right:0px;--awb-border-radius-bottom-right:0px;--awb-border-radius-bottom-left:0px;--awb-padding-top:2rem;--awb-padding-bottom:0rem;--awb-flex-wrap:wrap;\" ><div class=\"fusion-builder-row fusion-row fusion-flex-align-items-flex-start fusion-flex-content-wrap\" style=\"width:104% !important;max-width:104% !important;margin-left: calc(-4% \/ 2 );margin-right: calc(-4% \/ 2 );\"><div class=\"fusion-layout-column fusion_builder_column fusion-builder-column-2 fusion_builder_column_1_1 1_1 fusion-flex-column\" style=\"--awb-bg-size:cover;--awb-width-large:100%;--awb-flex-grow:0;--awb-flex-shrink:0;--awb-margin-top-large:0px;--awb-spacing-right-large:1.92%;--awb-margin-bottom-large:20px;--awb-spacing-left-large:1.92%;--awb-width-medium:100%;--awb-order-medium:0;--awb-flex-grow-medium:0;--awb-flex-shrink-medium:0;--awb-spacing-right-medium:1.92%;--awb-spacing-left-medium:1.92%;--awb-width-small:100%;--awb-order-small:0;--awb-flex-grow-small:0;--awb-flex-shrink-small:0;--awb-spacing-right-small:1.92%;--awb-spacing-left-small:1.92%;\" data-scroll-devices=\"small-visibility,medium-visibility,large-visibility\"><div class=\"fusion-column-wrapper fusion-column-has-shadow fusion-flex-justify-content-flex-start fusion-content-layout-column\"><div class=\"fusion-form-field fusion-form-checkbox-field fusion-form-label-above\" style=\"\" data-form-id=\"15728\"><fieldset data-awb-fieldset-min-required=\"1\" data-awb-fieldset-max-required=\"0\" data-awb-fieldset-error=\"Please select at least 1 checkbox from this field.\"><legend class=\"fusion-form-label-wrapper\"><span class=\"label\">\u00bfA qu\u00e9 sesi\u00f3n vendr\u00e1? <abbr class=\"fusion-form-element-required\" title=\"Please select at least 1 checkbox from this field.\">*<\/abbr><\/span><\/legend><div class=\"fusion-form-checkbox\"><input tabindex=\"\" id=\"checkbox-sessions-1-0\" type=\"checkbox\" value=\"Jueves, 10 de abril a las 19:30h\" name=\"sessions[]\" class=\"fusion-form-input\" data-holds-private-data=\"false\"\/><label for=\"checkbox-sessions-1-0\">Jueves, 10 de abril a las 19:30h<\/label><\/div><div class=\"fusion-form-checkbox\"><input tabindex=\"\" id=\"checkbox-sessions-1-1\" type=\"checkbox\" value=\"Martes, 29 de abril a las 19:30h\" name=\"sessions[]\" class=\"fusion-form-input\" data-holds-private-data=\"false\"\/><label for=\"checkbox-sessions-1-1\">Martes, 29 de abril a las 19:30h<\/label><\/div><\/fieldset><\/div><\/div><\/div><\/div><\/div><div class=\"fusion-fullwidth fullwidth-box fusion-builder-row-1-3 fusion-flex-container has-pattern-background has-mask-background nonhundred-percent-fullwidth non-hundred-percent-height-scrolling\" style=\"--awb-border-radius-top-left:0px;--awb-border-radius-top-right:0px;--awb-border-radius-bottom-right:0px;--awb-border-radius-bottom-left:0px;--awb-padding-right:0px;--awb-padding-left:0px;--awb-margin-top:40px;--awb-flex-wrap:wrap;\" ><div class=\"fusion-builder-row fusion-row fusion-flex-align-items-flex-start fusion-flex-content-wrap\" style=\"width:104% !important;max-width:104% !important;margin-left: calc(-4% \/ 2 );margin-right: calc(-4% \/ 2 );\"><div class=\"fusion-layout-column fusion_builder_column fusion-builder-column-3 fusion_builder_column_1_1 1_1 fusion-flex-column\" style=\"--awb-bg-size:cover;--awb-width-large:100%;--awb-flex-grow:0;--awb-flex-shrink:0;--awb-margin-top-large:0px;--awb-spacing-right-large:1.92%;--awb-margin-bottom-large:20px;--awb-spacing-left-large:1.92%;--awb-width-medium:100%;--awb-order-medium:0;--awb-flex-grow-medium:0;--awb-flex-shrink-medium:0;--awb-spacing-right-medium:1.92%;--awb-spacing-left-medium:1.92%;--awb-width-small:100%;--awb-order-small:0;--awb-flex-grow-small:0;--awb-flex-shrink-small:0;--awb-spacing-right-small:1.92%;--awb-spacing-left-small:1.92%;\" data-scroll-devices=\"small-visibility,medium-visibility,large-visibility\"><div class=\"fusion-column-wrapper fusion-column-has-shadow fusion-flex-justify-content-flex-start fusion-content-layout-column\"><div class=\"fusion-form-field fusion-form-checkbox-field fusion-form-label-above\" style=\"\" data-form-id=\"15728\"><fieldset><div class=\"fusion-form-checkbox\"><input tabindex=\"\" id=\"checkbox-rgpd-2-0\" type=\"checkbox\" value=\"Acepto la pol\u00edtica de privacidad\" name=\"rgpd[]\" class=\"fusion-form-input\" required=\"true\" aria-required=\"true\" data-holds-private-data=\"false\"\/><label for=\"checkbox-rgpd-2-0\">Acepto la pol\u00edtica de privacidad<\/label><\/div><div class=\"fusion-form-checkbox\"><input tabindex=\"\" id=\"checkbox-rgpd-2-1\" type=\"checkbox\" value=\"Autorizo el tratamiento de los datos personales con el fin de recibir informaci\u00f3n\" name=\"rgpd[]\" class=\"fusion-form-input\" required=\"true\" aria-required=\"true\" data-holds-private-data=\"false\"\/><label for=\"checkbox-rgpd-2-1\">Autorizo el tratamiento de los datos personales con el fin de recibir informaci\u00f3n<\/label><\/div><\/fieldset><\/div><div class=\"fusion-text fusion-text-1\"><p><span style=\"font-size: 12px\">En cumplimiento del REGLAMENTO (UE) 2016\/679 DEL PARLAMENTO EUROPEO Y DEL CONSEJO, de 27 de abril de 2016, relativo a la protecci\u00f3n de las personas f\u00edsicas en cuanto al tratamiento de datos personales ya la libre circulaci\u00f3n de estos datos y por el que se deroga la Directiva 95\/46\/CE (RG0 de diciembre, de Protecci\u00f3n de Datos Personales y garant\u00eda de los derechos digitales LOPDGDD, le informamos que Fundaci\u00f3 Joviat, con CIF G60374022, es el responsable del tratamiento de estos datos y har\u00e1 uso mientras no se revoque su consentimiento. Puede ejercer sus derechos de acceso, rectificaci\u00f3n, oposici\u00f3n, cancelaci\u00f3n, portabilidad y olvido por web, a trav\u00e9s del correo electr\u00f3nico rgpd@joviat.cat o en la direcci\u00f3n calle Folch i Torres, 5-13 de Manresa. Si considera que sus datos personales no han sido tratados apropiadamente de acuerdo con la ley, puede contactar con nuestro Delegado de Protecci\u00f3n de Datos (DPD) en dpd@joviat.cat y con la Agencia Espa\u00f1ola de Protecci\u00f3n de Datos (AEPD). Puede consultar nuestra pol\u00edtica de privacidad <strong><a class=\"c-link\" href=\"https:\/\/joviat.com\/politica-de-privacitat\/\" target=\"_blank\" rel=\"noopener noreferrer\" data-stringify-link=\"https:\/\/joviat.com\/politica-de-privacitat\/\" data-sk=\"tooltip_parent\">aqu\u00ed.<\/a><\/strong>   <\/span><\/p>\n<\/div>\n<\/div><\/div><\/div><\/div><div class=\"fusion-fullwidth fullwidth-box fusion-builder-row-1-4 fusion-flex-container has-pattern-background has-mask-background nonhundred-percent-fullwidth non-hundred-percent-height-scrolling\" style=\"--awb-border-radius-top-left:0px;--awb-border-radius-top-right:0px;--awb-border-radius-bottom-right:0px;--awb-border-radius-bottom-left:0px;--awb-padding-right:0px;--awb-padding-left:0px;--awb-flex-wrap:wrap;\" ><div class=\"fusion-builder-row fusion-row fusion-flex-align-items-flex-start fusion-flex-content-wrap\" style=\"width:104% !important;max-width:104% !important;margin-left: calc(-4% \/ 2 );margin-right: calc(-4% \/ 2 );\"><div class=\"fusion-layout-column fusion_builder_column fusion-builder-column-4 fusion_builder_column_1_1 1_1 fusion-flex-column\" style=\"--awb-bg-size:cover;--awb-width-large:100%;--awb-flex-grow:0;--awb-flex-shrink:0;--awb-margin-top-large:0px;--awb-spacing-right-large:1.92%;--awb-margin-bottom-large:0px;--awb-spacing-left-large:1.92%;--awb-width-medium:100%;--awb-order-medium:0;--awb-flex-grow-medium:0;--awb-flex-shrink-medium:0;--awb-spacing-right-medium:1.92%;--awb-spacing-left-medium:1.92%;--awb-width-small:100%;--awb-order-small:0;--awb-flex-grow-small:0;--awb-flex-shrink-small:0;--awb-spacing-right-small:1.92%;--awb-spacing-left-small:1.92%;\" data-scroll-devices=\"small-visibility,medium-visibility,large-visibility\"><div class=\"fusion-column-wrapper fusion-column-has-shadow fusion-flex-justify-content-flex-start fusion-content-layout-column\"><div class=\"fusion-form-field fusion-form-submit-field fusion-form-label-above\" style=\"\" data-form-id=\"15728\"><div ><button type=\"submit\" class=\"fusion-button button-flat fusion-button-default-size button-custom fusion-button-default button-1 fusion-button-default-span  button-default form-form-submit\" style=\"--button_accent_color:var(--awb-color1);--button_accent_hover_color:var(--awb-color8);--button_border_hover_color:var(--awb-color1);--button_gradient_top_color:#101820;--button_gradient_bottom_color:#101820;--button_gradient_top_color_hover:var(--awb-color1);--button_gradient_bottom_color_hover:var(--awb-color1);\" data-form-number=\"15728\" tabindex=\"\"><span class=\"fusion-button-text awb-button__text awb-button__text--default\">Enviar<\/span><\/button><\/div><\/div><\/div><\/div><\/div><\/div><input type=\"hidden\" name=\"fusion_privacy_store_ip_ua\" value=\"false\"><input type=\"hidden\" name=\"fusion_privacy_expiration_interval\" value=\"48\"><input type=\"hidden\" name=\"privacy_expiration_action\" value=\"anonymize\"><\/form><\/div><\/div><\/div><\/div><\/div>\n","protected":false},"excerpt":{"rendered":"","protected":false},"author":14,"featured_media":0,"parent":0,"menu_order":0,"comment_status":"closed","ping_status":"closed","template":"100-width.php","meta":{"_acf_changed":false,"footnotes":""},"class_list":["post-16371","page","type-page","status-publish","hentry"],"acf":[],"_links":{"self":[{"href":"https:\/\/joviat.com\/es\/wp-json\/wp\/v2\/pages\/16371","targetHints":{"allow":["GET"]}}],"collection":[{"href":"https:\/\/joviat.com\/es\/wp-json\/wp\/v2\/pages"}],"about":[{"href":"https:\/\/joviat.com\/es\/wp-json\/wp\/v2\/types\/page"}],"author":[{"embeddable":true,"href":"https:\/\/joviat.com\/es\/wp-json\/wp\/v2\/users\/14"}],"replies":[{"embeddable":true,"href":"https:\/\/joviat.com\/es\/wp-json\/wp\/v2\/comments?post=16371"}],"version-history":[{"count":2,"href":"https:\/\/joviat.com\/es\/wp-json\/wp\/v2\/pages\/16371\/revisions"}],"predecessor-version":[{"id":16373,"href":"https:\/\/joviat.com\/es\/wp-json\/wp\/v2\/pages\/16371\/revisions\/16373"}],"wp:attachment":[{"href":"https:\/\/joviat.com\/es\/wp-json\/wp\/v2\/media?parent=16371"}],"curies":[{"name":"wp","href":"https:\/\/api.w.org\/{rel}","templated":true}]}}