{"id":16381,"date":"2024-04-03T11:18:39","date_gmt":"2024-04-03T11:18:39","guid":{"rendered":"https:\/\/www.joviat.com\/politica-de-cookies\/"},"modified":"2025-08-20T06:36:20","modified_gmt":"2025-08-20T06:36:20","slug":"politica-de-cookies","status":"publish","type":"page","link":"https:\/\/joviat.com\/es\/politica-de-cookies\/","title":{"rendered":"Pol\u00edtica de cookies"},"content":{"rendered":"<div class=\"fusion-fullwidth fullwidth-box fusion-builder-row-1 fusion-flex-container has-pattern-background has-mask-background nonhundred-percent-fullwidth non-hundred-percent-height-scrolling\" style=\"--awb-border-radius-top-left:0px;--awb-border-radius-top-right:0px;--awb-border-radius-bottom-right:0px;--awb-border-radius-bottom-left:0px;--awb-padding-top:7%;--awb-padding-right:7%;--awb-padding-bottom:7%;--awb-padding-left:7%;--awb-flex-wrap:wrap;\" ><div class=\"fusion-builder-row fusion-row fusion-flex-align-items-flex-start fusion-flex-content-wrap\" style=\"max-width:1820px;margin-left: calc(-4% \/ 2 );margin-right: calc(-4% \/ 2 );\"><div class=\"fusion-layout-column fusion_builder_column fusion-builder-column-0 fusion_builder_column_1_1 1_1 fusion-flex-column\" style=\"--awb-bg-size:cover;--awb-width-large:100%;--awb-margin-top-large:0px;--awb-spacing-right-large:1.92%;--awb-margin-bottom-large:0px;--awb-spacing-left-large:1.92%;--awb-width-medium:100%;--awb-spacing-right-medium:1.92%;--awb-spacing-left-medium:1.92%;--awb-width-small:100%;--awb-spacing-right-small:1.92%;--awb-spacing-left-small:1.92%;\"><div class=\"fusion-column-wrapper fusion-flex-justify-content-flex-start fusion-content-layout-column\"><div class=\"fusion-text fusion-text-1\"><h4>\u00bfQu\u00e9 son las cookies?<\/h4>\n<p>Le informamos de que esta p\u00e1gina web, como la mayor\u00eda en Internet, utiliza cookies, que tambi\u00e9n reciben el nombre de DARD\u2019s (Dispositivos de Almacenamiento y Recuperaci\u00f3n de Datos).<br \/>Quiz\u00e1s se pregunte por qu\u00e9 se les llama cookies a estas tecnolog\u00edas de seguimiento.<br \/>\u00bfRecuerda el cuento de los Hermanos Grimm Hansel y Gretel? Los dos hermanos iban dejando migas de galleta para recordar el camino de regreso a casa. Esta tecnolog\u00eda hace algo parecido en su dispositivo: deja peque\u00f1os archivos de texto, como \u201cmigas\u201d, para que la p\u00e1gina web pueda reconocer, por ejemplo, el idioma que utiliza habitualmente.    <\/p>\n<p>Las cookies son una peque\u00f1a cantidad de informaci\u00f3n que se almacena en el equipo del usuario.<br \/>Se utilizan porque las p\u00e1ginas web no tienen memoria.<br \/>Un usuario que navega de una p\u00e1gina a otra dentro de un mismo sitio web no es reconocido como el mismo usuario. Las cookies permiten que la p\u00e1gina web reconozca el navegador del usuario.<br \/>Por lo tanto, las cookies se utilizan generalmente para recordar las opciones que el usuario ha elegido (por ejemplo, recordar el idioma que utiliza) o para reconocer a los usuarios que visitan con frecuencia la p\u00e1gina web.    <\/p>\n<p>Existen varios tipos de cookies, seg\u00fan qui\u00e9n las gestione y el equipo o dominio desde el que se env\u00eden las cookies y se traten los datos que se obtengan:<\/p>\n<h4>Seg\u00fan qui\u00e9n las gestione:<\/h4>\n<p><strong>Cookies propias:<\/strong> Son aquellas que se env\u00edan al equipo terminal del usuario desde un equipo o dominio gestionado por el propio editor y desde el cual se presta el servicio solicitado por el usuario.<\/p>\n<p><strong>Cookies de terceros:<\/strong> Son aquellas que se env\u00edan al equipo terminal del usuario desde un equipo o dominio que no es gestionado por el editor, sino por otra entidad que trata los datos obtenidos a trav\u00e9s de las cookies.<\/p>\n<p>En el caso de que las cookies se instalen desde un equipo o dominio gestionado por el propio editor, pero la informaci\u00f3n que se recoja mediante estas sea gestionada por un tercero, no podr\u00e1n considerarse como cookies propias.<\/p>\n<p>Seg\u00fan el per\u00edodo de tiempo que permanecen activas en el equipo terminal, podemos distinguir:<\/p>\n<p><strong>Cookies de sesi\u00f3n:<\/strong> Son un tipo de cookies dise\u00f1adas para recopilar y almacenar datos mientras el usuario accede a una p\u00e1gina web. Suelen utilizarse para almacenar informaci\u00f3n que solo interesa conservar para la prestaci\u00f3n del servicio solicitado por el usuario en una \u00fanica ocasi\u00f3n (por ejemplo, una lista de productos adquiridos). <\/p>\n<p><strong>Cookies persistentes:<\/strong> Son un tipo de cookies en las que los datos permanecen almacenados en el terminal y pueden ser accedidos y tratados durante un per\u00edodo definido por el responsable de la cookie, que puede ir desde unos minutos hasta varios a\u00f1os.<\/p>\n<p>Seg\u00fan la finalidad para la cual se tratan los datos obtenidos a trav\u00e9s de las cookies, podemos distinguir entre:<\/p>\n<p><strong>Cookies t\u00e9cnicas:<\/strong> Son aquellas que permiten al usuario la navegaci\u00f3n a trav\u00e9s de una p\u00e1gina web, plataforma o aplicaci\u00f3n y la utilizaci\u00f3n de las diferentes opciones o servicios que en ella existan, como por ejemplo: controlar el tr\u00e1fico y la comunicaci\u00f3n de datos, identificar la sesi\u00f3n, acceder a partes de acceso restringido, recordar los elementos que integran un pedido, realizar el proceso de compra de un pedido, realizar la solicitud de inscripci\u00f3n o participaci\u00f3n en un evento, utilizar elementos de seguridad durante la navegaci\u00f3n, almacenar contenidos para la difusi\u00f3n de v\u00eddeos o sonido, o compartir contenidos a trav\u00e9s de redes sociales.<\/p>\n<p><strong>Cookies de preferencias o personalizaci\u00f3n:<\/strong> Son aquellas que permiten al usuario acceder al servicio con algunas caracter\u00edsticas de car\u00e1cter general predefinidas en funci\u00f3n de una serie de criterios en el terminal del usuario, como por ejemplo: el idioma, el tipo de navegador a trav\u00e9s del cual accede al servicio, la configuraci\u00f3n regional desde la que accede al servicio, etc.<\/p>\n<p><strong>Cookies de an\u00e1lisis o de medici\u00f3n:<\/strong> Son aquellas que permiten al responsable de estas realizar el seguimiento y an\u00e1lisis del comportamiento de los usuarios de los sitios web a los que est\u00e1n vinculadas. La informaci\u00f3n recogida mediante este tipo de cookies se utiliza para medir la actividad de los sitios web, aplicaciones o plataformas y para elaborar perfiles de navegaci\u00f3n de los usuarios de dichos sitios, aplicaciones y plataformas, con el fin de introducir mejoras en funci\u00f3n del an\u00e1lisis de los datos de uso que realizan los usuarios del servicio. <\/p>\n<p><strong>Cookies publicitarias:<\/strong> Son aquellas que permiten la gesti\u00f3n, de la forma m\u00e1s eficaz posible, de los espacios publicitarios que, en su caso, el editor haya incluido en una p\u00e1gina web, aplicaci\u00f3n o plataforma desde la que presta el servicio solicitado, bas\u00e1ndose en criterios como el contenido publicado o la frecuencia con la que se muestran los anuncios.<\/p>\n<p><strong>Cookies de publicidad comportamental:<\/strong> Son aquellas que permiten la gesti\u00f3n, de la forma m\u00e1s eficaz posible, de los espacios publicitarios que, en su caso, el editor haya incluido en una p\u00e1gina web, aplicaci\u00f3n o plataforma desde la que presta el servicio solicitado. Estas cookies almacenan informaci\u00f3n sobre el comportamiento de los usuarios obtenida mediante la observaci\u00f3n continuada de sus h\u00e1bitos de navegaci\u00f3n, lo que permite desarrollar un perfil espec\u00edfico para mostrar publicidad en funci\u00f3n de dicho comportamiento. <\/p>\n<h4>\u00bfQu\u00e9 tipo de Cookies utilizamos en esta p\u00e1gina web?<\/h4>\n<p>Las cookies que utilizamos se asocian \u00fanicamente con un usuario an\u00f3nimo y su equipo, y no proporcionan referencias que permitan deducir el nombre y apellidos del usuario u otros datos personales.<\/p>\n<p>Cookies de Google Analytics: utilizamos Google Analytics, un servicio de an\u00e1lisis web de Google Ireland Limited, con domicilio en Google Building Gordon House, Barrow St, Dubl\u00edn 4, Irlanda; en adelante, \u201cGoogle\u201d.<\/p>\n<p>Google Analytics utiliza cookies o dispositivos de almacenamiento y recuperaci\u00f3n de datos que se describen en la tabla adjunta a esta pol\u00edtica de cookies. Estos archivos de texto se almacenan en su equipo y permiten analizar su uso de nuestros sitios web. La informaci\u00f3n sobre el uso que hace de nuestros sitios web que se genera mediante la cookie se transfiere normalmente al servidor de Google en Estados Unidos, donde se almacena.  <\/p>\n<p>Si no desea que recopilemos y analicemos informaci\u00f3n sobre su visita, puede utilizar la plataforma de gesti\u00f3n de consentimientos (CMP) habilitada en la web o darse de baja en cualquier momento.<br \/>Puede evitar que las cookies de Google se guarden mediante la configuraci\u00f3n del software de su navegador o descargando el complemento del navegador para desactivar Google Analytics, que est\u00e1 disponible en el siguiente enlace, evitando que Google recopile y procese los datos (incluida su direcci\u00f3n IP) que se generan por la cookie y que est\u00e1n relacionados con el uso de nuestro sitio web: <a href=\"https:\/\/tools.google.com\/dlpage\/gaoptout\" target=\"_blank\" rel=\"noopener\">https:\/\/tools.google.com\/dlpage\/gaoptout<\/a>. <\/p>\n<p>Tenga en cuenta que este complemento del navegador solo se puede utilizar en un dispositivo espec\u00edfico.<br \/>Si utiliza otro dispositivo o navegador, deber\u00e1 volver a descargar y ejecutar el complemento del navegador. <\/p>\n<p>Concretamente en nuestra web utilizamos los siguientes tipos de cookies:<\/p>\n<table border=\"1\">\n<tbody>\n<tr>\n<th>Tipos de Cookie<\/th>\n<th>Descripci\u00f3n<\/th>\n<\/tr>\n<tr>\n<td>Cookies propias<\/td>\n<td>Aquellas que se env\u00edan desde un equipo o dominio gestionado por el propio editor y desde el cual se presta el servicio solicitado por el usuario.<\/td>\n<\/tr>\n<tr>\n<td>Cookies de terceros<\/td>\n<td>Aquellas que se env\u00edan desde un equipo o dominio que no es gestionado por el editor, sino por otra entidad que trata los datos obtenidos a trav\u00e9s de las cookies.<\/td>\n<\/tr>\n<tr>\n<td>Cookies de sessi\u00f3n<\/td>\n<td>Dise\u00f1adas para recopilar y almacenar datos mientras el usuario accede a una p\u00e1gina web.<\/td>\n<\/tr>\n<tr>\n<td>Cookies persistentes<\/td>\n<td>Los datos siguen almacen\u00e1ndose en el terminal y pueden ser accedidos y tratados durante un periodo definido por el responsable de la cookie.<\/td>\n<\/tr>\n<tr>\n<td>Cookies t\u00e9cnicas<\/td>\n<td>Permiten la navegaci\u00f3n a trav\u00e9s de una p\u00e1gina web y la utilizaci\u00f3n de los diferentes servicios que en ella existan.<\/td>\n<\/tr>\n<tr>\n<td>Cookies de preferencias o personalizaci\u00f3n<\/td>\n<td>Permiten acceder al servicio con caracter\u00edsticas predefinidas en funci\u00f3n de una serie de criterios en el terminal del usuario.<\/td>\n<\/tr>\n<tr>\n<td>Cookies de an\u00e1lisis o de medici\u00f3n<\/td>\n<td>Permiten el seguimiento y an\u00e1lisis del comportamiento de los usuarios de los sitios web a los que est\u00e1n vinculadas.<\/td>\n<\/tr>\n<tr>\n<td>Cookies publicitarias<\/td>\n<td>Permiten la gesti\u00f3n de los espacios publicitarios en una p\u00e1gina web.<\/td>\n<\/tr>\n<tr>\n<td>Cookies de publicidad comportamental<\/td>\n<td>Permiten la gesti\u00f3n de los espacios publicitarios en una p\u00e1gina web bas\u00e1ndose en el comportamiento de los usuarios.<\/td>\n<\/tr>\n<tr>\n<td>Cookies de Google Analytics<\/td>\n<td>Utilizadas para analizar el uso de nuestros sitios web. Los datos generados por estas cookies se env\u00edan a Google y se almacenan en sus servidores en Estados Unidos. <\/td>\n<\/tr>\n<\/tbody>\n<\/table>\n<h4><\/h4>\n<h4>Puedo navegar sin cookies?<\/h4>\n<p>Claro que si, para esto tiene diferentes opciones:<\/p>\n<p>A trav\u00e9s del CMP instalado en esta web:<br \/>\nMediante la configuraci\u00f3n de sus preferencias en el panel de configuraci\u00f3n del CMP que hemos instalado. Puede acceder desde el banner de consentimiento de cookies. <\/p>\n<p>A trav\u00e9s de la configuraci\u00f3n de su navegador:<\/p>\n<p>Si no desea que los sitios web coloquen ninguna cookie en su equipo, puede ajustar la configuraci\u00f3n del navegador de manera que se le notifique antes de que se coloque cualquier cookie.<br \/>Del mismo modo, puede configurar el navegador para que rechace todas las cookies, o \u00fanicamente las cookies de terceros. <\/p>\n<p>Tambi\u00e9n puede eliminar cualquiera de las cookies que ya se encuentren en su equipo.<br \/>Tenga en cuenta que deber\u00e1 ajustar por separado la configuraci\u00f3n de cada navegador y equipo que utilice. <\/p>\n<p>Si accede a la configuraci\u00f3n de su navegador (por ejemplo, Internet Explorer, Safari, Firefox, Chrome), podr\u00e1 configurar qu\u00e9 cookies desea aceptar o rechazar.<br \/>Dependiendo del navegador, la configuraci\u00f3n de las cookies se encontrar\u00e1 en un lugar u otro. Podr\u00e1 localizarla utilizando la funci\u00f3n de \u201cAyuda\u201d de su navegador.  <\/p>\n<p>En todo momento podr\u00e1 acceder a la configuraci\u00f3n de su navegador para aceptar o rechazar todas las cookies, o bien seleccionar cu\u00e1les desea permitir y cu\u00e1les no, siguiendo uno de los siguientes procedimientos, seg\u00fan el navegador que utilice:<\/p>\n<p><strong>Google Chrome (en el Men\u00fa Herramientas):<\/strong><br \/>\nConfiguraci\u00f3n &gt; Mostrar opciones avanzadas &gt; Privacidad (Configuraci\u00f3n de contenido) &gt; Cookies: <a href=\"https:\/\/support.google.com\/chrome\/answer\/95647?co=GENIE.Platform%3DDesktopandhl=es\" target=\"_blank\" rel=\"noopener\">https:\/\/support.google.com\/chrome\/answer\/95647?co=GENIE.Platform%3DDesktopandhl=es<\/a><\/p>\n<p><strong>Microsoft Internet Explorer (en el Men\u00fa Herramientas):<\/strong><br \/>\nOpciones de Internet &gt; Privacidad &gt; Avanzada: <a href=\"https:\/\/support.microsoft.com\/es-es\/help\/17442\/windows-internet-explorer-delete-manage-cookies\" target=\"_blank\" rel=\"noopener\">https:\/\/support.microsoft.com\/es-es\/help\/17442\/windows-internet-explorer-delete-manage-cookies<\/a><\/p>\n<p><strong>Firefox:<\/strong><br \/>\nOpciones &gt; Privacidad &gt; Cookies: <a href=\"https:\/\/support.mozilla.org\/es\/kb\/habilitar-y-deshabilitar-cookies-sitios-web-rastrear-preferencias\" target=\"_blank\" rel=\"noopener\">https:\/\/support.mozilla.org\/es\/kb\/habilitar-y-deshabilitar-cookies-sitios-web-rastrear-preferencias<\/a><\/p>\n<p><strong>Safari, iPad i iPhone:<\/strong><br \/>\nPreferencias &gt; Privacidad: <a href=\"https:\/\/support.apple.com\/kb\/ph21411?locale=es_ES\" target=\"_blank\" rel=\"noopener\">https:\/\/support.apple.com\/kb\/ph21411?locale=es_ES<\/a><\/p>\n<p><strong>Opera:<\/strong><br \/>\nConfiguraci\u00f3n &gt; Opciones &gt; Avanzado &gt; Cookies: http:\/\/help.opera.com\/Windows\/12.00\/es-ES\/cookies.html<\/p>\n<p>Estos navegadores est\u00e1n sujetos a continuas actualizaciones o modificaciones, por lo que no podemos garantizar que las instrucciones se ajusten completamente a la versi\u00f3n de su navegador.<br \/>Tambi\u00e9n puede ser que utilice otro navegador no contemplado en estos enlaces, como Konqueror, Arora, Flock, etc. Para evitar estos desajustes, puede acceder directamente desde las opciones de su navegador, generalmente en el men\u00fa de \u201cOpciones\u201d en la secci\u00f3n de \u201cPrivacidad\u201d.<br \/>En todo momento podr\u00e1 acceder a la configuraci\u00f3n de su navegador para aceptar o rechazar todas las cookies, o bien seleccionar cu\u00e1les desea permitir y cu\u00e1les no, siguiendo uno de los procedimientos seg\u00fan el navegador que utilice:   <\/p>\n<p>Para desactivar las cookies en su tel\u00e9fono m\u00f3vil, consulte el manual del dispositivo para obtener m\u00e1s informaci\u00f3n.<\/p>\n<p>Para obtenir m\u00e1s informaci\u00f3n y consejos de ciberseguridad en Internet:<br \/><a href=\"https:\/\/www.incibe.es\/ciudadania\/tematicas\/navegacion\" target=\"_blank\" rel=\"noopener\">https:\/\/www.incibe.es\/ciudadania\/tematicas\/navegacion<\/a><\/p>\n<p>Teniendo en cuenta la forma en que funciona Internet y los sitios web, no siempre contamos con informaci\u00f3n sobre las cookies que colocan terceros a trav\u00e9s de nuestro sitio web.<br \/>Esto se aplica especialmente en los casos en que nuestra p\u00e1gina web contiene lo que se denominan elementos integrados: textos, documentos, im\u00e1genes o peque\u00f1os v\u00eddeos que se almacenan en otra parte, pero se muestran en nuestro sitio web o a trav\u00e9s de \u00e9l. <\/p>\n<p>Por consiguiente, en caso de que se encuentre con este tipo de cookies en este sitio web y no est\u00e9n enumeradas en la lista anterior, le rogamos que nos lo comunique.<br \/>O bien p\u00f3ngase en contacto directamente con el tercero para solicitar informaci\u00f3n sobre las cookies que coloca, su finalidad y duraci\u00f3n, y c\u00f3mo ha garantizado su privacidad. <\/p>\n<\/div><\/div><\/div><\/div><\/div>\n","protected":false},"excerpt":{"rendered":"","protected":false},"author":1,"featured_media":0,"parent":0,"menu_order":0,"comment_status":"closed","ping_status":"closed","template":"100-width.php","meta":{"_acf_changed":false,"footnotes":""},"class_list":["post-16381","page","type-page","status-publish","hentry"],"acf":[],"_links":{"self":[{"href":"https:\/\/joviat.com\/es\/wp-json\/wp\/v2\/pages\/16381","targetHints":{"allow":["GET"]}}],"collection":[{"href":"https:\/\/joviat.com\/es\/wp-json\/wp\/v2\/pages"}],"about":[{"href":"https:\/\/joviat.com\/es\/wp-json\/wp\/v2\/types\/page"}],"author":[{"embeddable":true,"href":"https:\/\/joviat.com\/es\/wp-json\/wp\/v2\/users\/1"}],"replies":[{"embeddable":true,"href":"https:\/\/joviat.com\/es\/wp-json\/wp\/v2\/comments?post=16381"}],"version-history":[{"count":4,"href":"https:\/\/joviat.com\/es\/wp-json\/wp\/v2\/pages\/16381\/revisions"}],"predecessor-version":[{"id":16385,"href":"https:\/\/joviat.com\/es\/wp-json\/wp\/v2\/pages\/16381\/revisions\/16385"}],"wp:attachment":[{"href":"https:\/\/joviat.com\/es\/wp-json\/wp\/v2\/media?parent=16381"}],"curies":[{"name":"wp","href":"https:\/\/api.w.org\/{rel}","templated":true}]}}