{"id":16387,"date":"2024-04-03T10:42:43","date_gmt":"2024-04-03T10:42:43","guid":{"rendered":"https:\/\/www.joviat.com\/politica-de-privacidad\/"},"modified":"2025-08-20T07:00:24","modified_gmt":"2025-08-20T07:00:24","slug":"politica-de-privacidad","status":"publish","type":"page","link":"https:\/\/joviat.com\/es\/politica-de-privacidad\/","title":{"rendered":"Pol\u00edtica de Privacidad"},"content":{"rendered":"<div class=\"fusion-fullwidth fullwidth-box fusion-builder-row-1 fusion-flex-container has-pattern-background has-mask-background nonhundred-percent-fullwidth non-hundred-percent-height-scrolling\" style=\"--awb-border-radius-top-left:0px;--awb-border-radius-top-right:0px;--awb-border-radius-bottom-right:0px;--awb-border-radius-bottom-left:0px;--awb-padding-top:7%;--awb-padding-right:7%;--awb-padding-bottom:7%;--awb-padding-left:7%;--awb-flex-wrap:wrap;\" ><div class=\"fusion-builder-row fusion-row fusion-flex-align-items-flex-start fusion-flex-content-wrap\" style=\"max-width:1820px;margin-left: calc(-4% \/ 2 );margin-right: calc(-4% \/ 2 );\"><div class=\"fusion-layout-column fusion_builder_column fusion-builder-column-0 fusion_builder_column_1_1 1_1 fusion-flex-column\" style=\"--awb-bg-size:cover;--awb-width-large:100%;--awb-margin-top-large:0px;--awb-spacing-right-large:1.92%;--awb-margin-bottom-large:0px;--awb-spacing-left-large:1.92%;--awb-width-medium:100%;--awb-spacing-right-medium:1.92%;--awb-spacing-left-medium:1.92%;--awb-width-small:100%;--awb-spacing-right-small:1.92%;--awb-spacing-left-small:1.92%;\"><div class=\"fusion-column-wrapper fusion-flex-justify-content-flex-start fusion-content-layout-column\"><div class=\"fusion-text fusion-text-1\"><h4><span lang=\"CA\">\u00bfQui\u00e9n es el Responsable del Tratamiento de datos personales?<\/span><\/h4>\n<p><span lang=\"CA\">FUNDACI\u00d3 JOVIAT, como responsable del sitio web, de conformidad con lo dispuesto en el Reglamento (UE) 2016\/679 de 27 de abril de 2016 (RGPD), la Ley Org\u00e1nica 3\/2018 de 5 de diciembre (LOPDGDD) y otra normativa legal vigente en materia de protecci\u00f3n de datos personales, y en la Ley 34\/2002, de 11 de julio, de Servicios de la Sociedad de la Informaci\u00f3n y del Comercio Electr\u00f3nico (LSSICE), le informa que ha implementado las medidas de seguridad necesarias, de \u00edndole t\u00e9cnica y organizativa, para garantizar y proteger la confidencialidad, integridad y disponibilidad de los datos introducidos.<\/span><\/p>\n<h4><span lang=\"CA\">\u00bfC\u00f3mo hemos obtenido sus datos?<br \/>\n<\/span><\/h4>\n<p><span lang=\"CA\">Nos los ha facilitado usted: a trav\u00e9s de nuestros formularios web.<\/span><\/p>\n<p><span lang=\"CA\">Cuando nos facilite datos personales, garantiza que est\u00e1 autorizado para facilitar esta informaci\u00f3n y que la misma es cierta, veraz, exacta y actualizada, que no es confidencial, que no viola ninguna restricci\u00f3n contractual ni derechos de terceros, y se compromete a no suplantar a otros usuarios.<\/span><\/p>\n<p><span lang=\"CA\">Formularios web en los que recopilamos datos personales:<\/span><\/p>\n<p><span lang=\"CA\">Contacto \u00c1rea Sociosanitaria<\/span><\/p>\n<p><span lang=\"CA\">Contacto \u00c1rea Deportes<\/span><\/p>\n<p><span lang=\"CA\">contacto \u00c1rea Pasteler\u00eda<\/span><\/p>\n<p><span lang=\"CA\">contacto \u00c1rea Cocina<\/span><\/p>\n<p><span lang=\"CA\">Contacto EV<\/span><\/p>\n<p><span lang=\"CA\">Contacto FPi<\/span><\/p>\n<p><span lang=\"CA\">Contacto H<\/span><\/p>\n<p><span lang=\"CA\">Contacto EJ<\/span><\/p>\n<p><span lang=\"CA\">Los hemos obtenido de manera autom\u00e1tica: si los datos nos los ha facilitado a trav\u00e9s de este sitio web o cualquiera de sus subdominios y\/o microsites, recopilamos informaci\u00f3n, por ejemplo, cuando accede a la p\u00e1gina, cuando rellena cualquier formulario con datos personales, cuando carga informaci\u00f3n o contenidos (por ejemplo, en nuestro blog), o cuando se comunica con nosotros directamente por correo electr\u00f3nico.<\/span><\/p>\n<p><span lang=\"CA\">Cuando visita nuestra web se env\u00edan datos desde su navegador a nuestro servidor, para optimizar nuestros servicios y mejorar su experiencia como usuario, por ejemplo, cuando accede a la p\u00e1gina o cuando inicia sesi\u00f3n a trav\u00e9s de servicios de terceros como redes sociales. Estos datos pueden ser recogidos y almacenados autom\u00e1ticamente por nosotros o por terceros en nuestro nombre. Estos datos pueden incluir:  <\/span><\/p>\n<p><span lang=\"CA\">\u2013 La direcci\u00f3n IP del usuario<br \/>\n\u2013 La fecha y la hora de la visita<br \/>\n\u2013 La URL del sitio del que proviene el usuario<br \/>\n\u2013 Las p\u00e1ginas visitadas en nuestro sitio web<br \/>\n\u2013 Informaci\u00f3n sobre el navegador utilizado (tipo y versi\u00f3n del navegador, sistema operativo, etc.)<\/span><\/p>\n<p><span lang=\"CA\">Podemos tratar y registrar estos usos, sesiones e informaci\u00f3n relacionada, ya sea de forma independiente o con la ayuda de servicios de terceros, incluso mediante el uso de cookies y otras tecnolog\u00edas de seguimiento como cookies Flash y anal\u00edticas web.<\/span><\/p>\n<p><span lang=\"CA\">En caso de que nuestro sitio web disponga de complementos de redes sociales, cuando elija interactuar con nosotros a trav\u00e9s de una red social, no podemos responsabilizarnos de la configuraci\u00f3n de privacidad que haya elegido el usuario. La red social podr\u00eda informar sobre su direcci\u00f3n IP o sobre qu\u00e9 p\u00e1gina est\u00e1 visitando en nuestro sitio web y podr\u00eda establecer una cookie para permitir su correcto funcionamiento. Su nombre aparecer\u00e1 en los \u201cme gusta\u201d que otorgue o en los comentarios que realice en nuestra p\u00e1gina dentro de la red social. Si no desea que se muestren datos personales suyos asociados a estos \u201cme gusta\u201d o comentarios, configure su privacidad para evitarlo, seudonimizando sus datos, por ejemplo, utilizando un \u201cnickname\u201d o alias que no revele su nombre y apellidos.  <\/span><\/p>\n<p><span lang=\"CA\">Si inicia sesi\u00f3n en alguna de estas redes sociales durante su visita a nuestro sitio web, la red social podr\u00e1 a\u00f1adir esta informaci\u00f3n a su perfil y esta informaci\u00f3n ser\u00e1 transferida a la propia red social. Si no desea que se realice esta transferencia de datos, cierre su sesi\u00f3n en la red social antes de acceder a nuestros sitios web o aplicaciones m\u00f3viles, ya que no est\u00e1 en nuestras manos influir en la recopilaci\u00f3n y transferencia de datos a trav\u00e9s de los complementos sociales. <\/span><\/p>\n<p><span lang=\"CA\">Si como usuario, a trav\u00e9s de nuestra p\u00e1gina oficial en una red social, decide usted publicar y\/o compartir textos, fotos, v\u00eddeos u otro tipo de informaci\u00f3n y\/o contenidos, ser\u00e1 el \u00fanico responsable de que dichos contenidos cumplan con la normativa legal vigente.<\/span><\/p>\n<p><span lang=\"CA\">En cualquier caso, podremos eliminar tanto de esta p\u00e1gina web como de nuestras p\u00e1ginas en redes sociales, cualquier contenido publicado cuando detectamos que has vulnerado la legislaci\u00f3n vigente, y los t\u00e9rminos indicados en esta pol\u00edtica de privacidad y en las condiciones generales recogidas en nuestro<\/span> <span lang=\"CA\"><a href=\"https:\/\/joviat.com\/avis-legal-politica-de-privacitat-i-politica-de-cookies\/#1689940309339-01914c4b-6ad1\">Aviso Legal<\/a><\/span> <span lang=\"CA\">.<\/span><\/p>\n<p><span lang=\"CA\">Las redes sociales no est\u00e1n alojadas directamente en nuestros servicios. Las interacciones que realice con ellas se rigen por sus propias pol\u00edticas, no por las nuestras. Para obtener informaci\u00f3n detallada sobre la recopilaci\u00f3n y transferencia de datos personales, sus derechos y la configuraci\u00f3n de su privacidad, lea las pol\u00edticas de privacidad de cada red social.  <\/span><\/p>\n<p><span lang=\"CA\">Para verificar que los formularios de esta web son utilizados por personas y no por medios automatizados, utilizamos la tecnolog\u00eda reCAPTCHA de Google. Cuando el usuario hace uso de esta tecnolog\u00eda, se recogen y env\u00edan a Google datos sobre el hardware y el software del dispositivo utilizado, de acuerdo con la Pol\u00edtica de Privacidad y los T\u00e9rminos de uso de Google. <\/span><\/p>\n<p><span lang=\"CA\">\u00bfQu\u00e9 debe saber antes de compartir datos de terceros?<br \/>\nRespecto a los datos de otras personas, debe respetar su privacidad, prestando especial cuidado al publicar sus datos de car\u00e1cter personal. Le recordamos que, como usuario, solo debe facilitar y consentir el tratamiento de sus propios datos personales, no de terceros. Si nos proporciona datos de terceros, est\u00e1 realizando una cesi\u00f3n de datos de car\u00e1cter personal, siendo su responsabilidad contar con el consentimiento previo y expreso de dichos terceros para utilizarlos y facilit\u00e1rnoslos. Asimismo, usted se responsabiliza de informarles de la inclusi\u00f3n de sus datos en nuestros tratamientos. <\/span><\/p>\n<p><span lang=\"CA\">La publicaci\u00f3n de datos de terceros sin su consentimiento puede infringir, adem\u00e1s de la normativa sobre protecci\u00f3n de datos, el derecho al honor, a la intimidad o a la propia imagen, derechos cuya protecci\u00f3n se regula por lo dispuesto en la Ley Org\u00e1nica 1\/1982, de 5 de mayo, de protecci\u00f3n civil del derecho al honor, a la intimidad personal y familiar y a la propia imagen.<br \/>\n\u00bfCu\u00e1les son los fines a los que destinamos los datos personales que recopilamos?<\/span><\/p>\n<p><span lang=\"CA\">Podemos tratar los datos para diferentes finalidades, por ejemplo:<\/span><\/p>\n<p><span lang=\"CA\">1. Responder a su consulta para poder resolver las dudas y cuestiones que nos haya preguntado.<\/span><\/p>\n<p><span lang=\"CA\">2. Realizar nuestra actividad acad\u00e9mica basada en la matr\u00edcula del alumno en nuestro centro.<\/span><\/p>\n<p><span lang=\"CA\">3. Contactar con usted por los medios que nos haya indicado, correo electr\u00f3nico, tel\u00e9fono, etc.<\/span><\/p>\n<p><span lang=\"CA\">4. En relaci\u00f3n con la informaci\u00f3n recopilada autom\u00e1ticamente por la p\u00e1gina web, basada en su navegaci\u00f3n como usuario, creamos informaci\u00f3n an\u00f3nima y agregada sobre su comportamiento, efectos de segmentaci\u00f3n y desarrollo de perfiles an\u00f3nimos.<br \/>\nEsta interacci\u00f3n nos ayuda a: mejorar el rendimiento de la p\u00e1gina web, promover una experiencia m\u00e1s personalizada, medir y monitorizar la eficiencia de la p\u00e1gina web, y gestionar la p\u00e1gina web de manera que se garantice que la misma se vuelva cada vez m\u00e1s segura y transparente.<\/span><\/p>\n<p><span lang=\"CA\">5. Realizar encuestas de opini\u00f3n y\/o satisfacci\u00f3n y enviarle, mediante comunicaciones electr\u00f3nicas, informaci\u00f3n sobre nuestras actividades docentes y formativas (incluidas comunicaciones publicitarias y\/o comerciales conforme al art. 21 LSSICE 34\/2002). Si ya existe una relaci\u00f3n contractual previa, estas comunicaciones se enviar\u00e1n sobre la base de nuestro inter\u00e9s leg\u00edtimo (Art. 6 ap. 1 letra f RGPD). En caso de no existir una relaci\u00f3n contractual previa, solo le enviaremos este tipo de comunicaciones si nos autoriza marcando la opci\u00f3n (opt-in) que se incluye expresamente para este fin en los formularios correspondientes (Art. 6 ap. 1 letra a RGPD). Las comunicaciones electr\u00f3nicas que le enviemos incluir\u00e1n, en la propia comunicaci\u00f3n, la opci\u00f3n de dejar de recibirlas.   <\/span><\/p>\n<p><span lang=\"CA\">6. Podremos tomar fotograf\u00edas y\/o v\u00eddeos en las actividades o eventos que organicemos y\/o promocionemos, con el fin de informar sobre ellos, documentarlos y formar parte de la memoria fotogr\u00e1fica\/videogr\u00e1fica.<\/span><\/p>\n<p><span lang=\"CA\">\u00bfCu\u00e1nto tiempo conservaremos sus datos personales?<br \/>\nSus datos personales se conservar\u00e1n mientras no nos solicite su supresi\u00f3n. Incluso tras dicha solicitud, podremos mantenerlos durante el tiempo necesario, limitando su tratamiento (bloque\u00e1ndolos), \u00fanicamente para cumplir con las obligaciones legales o contractuales a las que estemos sujetos y\/o durante los plazos legales previstos para la prescripci\u00f3n de cualquier responsabilidad por nuestra parte y\/o para el ejercicio o la defensa de reclamaciones derivadas de la relaci\u00f3n mantenida. <\/span><\/p>\n<p><span lang=\"CA\">\u00bfQu\u00e9 bases legitimadoras utilizamos para tratar sus datos?<\/span><\/p>\n<p><span lang=\"CA\">Las bases legitimadoras son las que nos permiten y facultan para poder tratar sus datos personales de manera legal. Existen diferentes bases legitimadoras o fundamentos jur\u00eddicos que nos permiten tratar sus datos de manera l\u00edcita y legal: <\/span><\/p>\n<p><span lang=\"CA\">1. Puede ser la relaci\u00f3n jur\u00eddica entre las partes derivada de la matriculaci\u00f3n en el centro educativo, en el caso de que sea alumno o padre\/madre o tutor legal de un alumno.<\/span><\/p>\n<p><span lang=\"CA\">2. Tambi\u00e9n puede ser su consentimiento, si nos ha realizado una solicitud a trav\u00e9s de nuestra p\u00e1gina web o si ha asistido a alg\u00fan evento. Este consentimiento nos lo otorga de manera inequ\u00edvoca al facilitarnos sus datos en l\u00ednea o fuera de l\u00ednea, consider\u00e1ndose esta aportaci\u00f3n un acto afirmativo claro que manifiesta dicho consentimiento. La aportaci\u00f3n de los datos solicitados es obligatoria, ya que son imprescindibles para atender su solicitud; si no los facilita, no podremos llevarla a cabo. Podr\u00e1 retirar este consentimiento en cualquier momento envi\u00e1ndonos un correo electr\u00f3nico al efecto, teniendo en cuenta que esta retirada implica que no podremos prestarle los servicios solicitados ni atender sus consultas o peticiones.   <\/span><\/p>\n<p><span lang=\"CA\">3. Seg\u00fan establece el Considerando 47 del RGPD (Reglamento Europeo General de Protecci\u00f3n de Datos Personales 2016\/ 679 de 27-4-2016), tambi\u00e9n constituye una base jur\u00eddica para tratar sus datos, nuestro inter\u00e9s leg\u00edtimo para:<\/span><\/p>\n<p><span lang=\"CA\">Informarlo de nuestras actividades formativas (incluso mediante comunicaciones electr\u00f3nicas) o de aquellas entidades terceras con las cuales hayamos subscrito acuerdo de colaboraci\u00f3n. Si es alumno nuestro o paro\/madre o tutor legal, estas comunicaciones las remitiremos en base a nuestro inter\u00e9s leg\u00edtimo. En el caso contrario, solo le mandaremos este tipo de comunicaciones, si nos da su consentimiento, marcando la opci\u00f3n que expresamente se incluye a tal efecto en los formularios correspondientes. En todo caso, las comunicaciones electr\u00f3nicas que te enviamos incluir\u00e1n, en la propia comunicaci\u00f3n, la opci\u00f3n de dejar de recibirlas en lo sucesivo.   <\/span><\/p>\n<p><span lang=\"CA\">En todo caso, el tratamiento indicado de sus datos consideramos que es proporcionado y supone un impacto m\u00ednimo en su privacidad, pero siempre prevalecer\u00e1n, sobre nuestro inter\u00e9s leg\u00edtimo, sus intereses, derechos o libertades, por lo cual, si no desea que tratemos sus datos para estas finalidades rem\u00edtanos por favor un e-mail en tal sentido a rgpd@joviat.cat y as\u00ed lo haremos, pudiendo mantenerlos bloqueados para la formulaci\u00f3n, ejercicio o defensa de reclamaciones. La retirada de su consentimiento para tratar sus datos para estas finalidades no condiciona el tratamiento de sus datos para el resto de finalidades descritas en la pol\u00edtica de privacidad. <\/span><\/p>\n<p><span lang=\"CA\">A quien podremos comunicar los datos personales que nos facilite?<\/span><\/p>\n<p><span lang=\"CA\">Sus datos personales no se transferir\u00e1n a terceros, excepto que:<br \/>\n1. Tengamos su autorizaci\u00f3n expr\u00e9s.<br \/>\n2. Los terceros sean proveedores que nos suministren productos y servicios (encargados de tratamiento) y la comunicaci\u00f3n sea un requisito para cumplir con nuestras obligaciones y servicios.<br \/>\n3. Una Ley o norma con rango de Ley nos exija la comunicaci\u00f3n de datos a entidades organismos.<br \/>\n4. La comunicaci\u00f3n fuera estrictamente necesaria para asegurar el cumplimiento de nuestros t\u00e9rminos de uso, derechos o titularidad.<\/span><\/p>\n<p><span lang=\"CA\">Realizamos transferencias internacionales de sus datos personales?<\/span><\/p>\n<p><span lang=\"CA\">Una transferencia internacional de datos se produce cuando los datos personales que son tratados por un responsable o un encargado del tratamiento en el Espacio Econ\u00f3mico Europeo (pa\u00edses de la Uni\u00f3n Europea, Islandia, Liechtenstein y Noruega) son enviados a un tercer pa\u00eds u organizaci\u00f3n internacional, fuera de este territorio.<br \/>\nProcuraremos que los datos personales est\u00e9n siempre tratados y situados en el Espacio Econ\u00f3mico Europeo (*EEE). Sin embargo, en determinadas circunstancias, podremos hacer transferencias internacionales de datos, por ejemplo, en caso de que sea necesaria para la celebraci\u00f3n o ejecuci\u00f3n de un contrato, en inter\u00e9s del cliente\/usuario interesado, por ejemplo al utilizar proveedores de servicios situados fuera de la Uni\u00f3n Europea, que pueden tener acceso a datos personales, para la prestaci\u00f3n de servicios (a t\u00edtulo meramente enunciativo y no limitativo: alojamiento, *housing, *XaaS, copias de seguridad en remoto, servicios de apoyo o mantenimiento inform\u00e1tico, gestores de correo electr\u00f3nico, env\u00edo de e-mails y e-mail marketing, transferencia de archivos, etc.) o para la ejecuci\u00f3n de medidas precontractuales adoptadas a solicitud del interesado. <\/span><\/p>\n<p><span lang=\"CA\">Estas entidades pueden ser diferentes y variar a lo largo del tiempo, pero procuraremos elegir entidades, muy pertenecientes a pa\u00edses que cuenten con nivel de protecci\u00f3n equivalente al europeo en materia de protecci\u00f3n de datos, o que cuenten con las garant\u00edas adecuadas para conseguir este nivel, o bien se realizar\u00e1n en base a alguna de las excepciones previstas a tal efecto en el RGPD.<\/span><\/p>\n<h4><span lang=\"CA\">Qu\u00e9 Derechos puede ejercitar?<br \/>\n<\/span><\/h4>\n<p><span lang=\"CA\">Son los conocidos como Derechos ARCO-POL, puede ejercitarlos enviando un e-mail a: rgpd@joviat.cat o un escrito a la direcci\u00f3n postal: Rubi\u00f3 y Ors, 5, CP 08241 MANRESA (Barcelona).<\/span><\/p>\n<p><span lang=\"CA\">Puede, cuando procedan, ejercitar sus derechos de acceso, rectificaci\u00f3n, supresi\u00f3n, de limitaci\u00f3n y oposici\u00f3n a su tratamiento, as\u00ed como a no ser objeto de decisiones basadas \u00fanicamente en el tratamiento automatizado de sus datos, en la direcci\u00f3n de correo postal o electr\u00f3nico indicadas a primeros de esta pol\u00edtica de privacidad; en ambos casos mediante solicitud escrita y firmada adjuntando copia del DNI o pasaporte u otro documento v\u00e1lido que le identifique. En caso de modificaci\u00f3n de sus datos tendr\u00e1 que notificarlo en la misma direcci\u00f3n, declinando esta empresa toda responsabilidad en caso de no hacerlo: <\/span><\/p>\n<p><span lang=\"CA\">Derecho de acceso: Puede preguntarnos qu\u00e9 datos personales estamos tratando incluso solicitarnos una copia de estos.<\/span><\/p>\n<p><span lang=\"CA\">Derecho de rectificaci\u00f3n: Puede solicitarnos la rectificaci\u00f3n de los datos personales inexactos o que completamos los que sean incompletos, inclusivamente mediante una declaraci\u00f3n adicional.<\/span><\/p>\n<p><span lang=\"CA\">Derecho de supresi\u00f3n (derecho al olvido): Puede solicitarnos la supresi\u00f3n de sus datos personales cu\u00e1ndo: no sean necesarios para los fines para los cuales fueron recogidos, retire su consentimiento, haya habido un tratamiento il\u00edcito de los mismos o por cumplimiento de una obligaci\u00f3n legal.<\/span><\/p>\n<p><span lang=\"CA\">Derecho a la limitaci\u00f3n del tratamiento: Puede solicitarnos la limitaci\u00f3n del tratamiento de sus datos, y en este caso \u00fanicamente los conservaremos para el ejercicio o la defensa de reclamaciones.<\/span><\/p>\n<p><span lang=\"CA\">Derecho de oposici\u00f3n: Puede oponerse al tratamiento que se haga de sus datos si este tratamiento se base en el inter\u00e9s leg\u00edtimo del responsable del fichero o es para hasta publicitarios.<\/span><\/p>\n<p><span lang=\"CA\">Una vez recibida cualquiera de las anteriores solicitudes, le responderemos en los plazos legalmente establecidos. Si considerara que sus datos personales no han sido tratados apropiadamente de acuerdo con la Ley, puede contactar nuestro Delegado de protecci\u00f3n de Datos *DPD en dpd@joviat.cat, tambi\u00e9n puede reclamar ante la Agencia Espa\u00f1ola de Protecci\u00f3n de Datos. Si desea m\u00e1s informaci\u00f3n sobre los derechos que puede ejercitar y para la solicitud de modelos de formularios de ejercicio de derechos, puede visitar la p\u00e1gina web de la Agencia espa\u00f1ola de Protecci\u00f3n de Datos,   <\/span><span lang=\"CA\"><a href=\"https:\/\/www.aepd.es\/es\" target=\"_blank\" rel=\"noopener\">www.aepd.es<\/a><\/span><span lang=\"CA\">.<\/span><\/p>\n<h4><span lang=\"CA\">POL\u00cdTICA DE SEGURIDAD<\/span><\/h4>\n<h5><span lang=\"CA\">1 Objetivos<\/span><\/h5>\n<p><span lang=\"CA\">La pol\u00edtica de seguridad de JOVIAT tiene por objetivo marcar las pautas de alto nivel a seguir porque todos los tratamientos de datos de car\u00e1cter personal, se realicen de manera segura y \u00fanicamente por personal autorizado, as\u00ed como proteger la informaci\u00f3n de la organizaci\u00f3n, ante posibles p\u00e9rdidas de confidencialidad, integridad y\/o disponibilidad.<\/span><\/p>\n<h5><span lang=\"CA\">2 Alcance<\/span><\/h5>\n<p><span lang=\"CA\">El alcance de esta pol\u00edtica se circunscribe a todos los departamentos de Fundaci\u00f3n JOVIAT.<\/span><\/p>\n<h5><span lang=\"CA\">3 Planificaci\u00f3n<\/span><\/h5>\n<p><span lang=\"CA\">Las actuaciones necesarias para cumplir con la declaraci\u00f3n de la pol\u00edtica de seguridad pasan por la implantaci\u00f3n, operaci\u00f3n y mantenimiento de un SGSI (Sistema de Gesti\u00f3n de la Seguridad de la Informaci\u00f3n), que en todo momento est\u00e1 alineado con esta pol\u00edtica.<\/span><\/p>\n<p><span lang=\"CA\">En la fase de planificaci\u00f3n se incluye como punto fundamental un estudio de la seguridad de la compa\u00f1\u00eda a trav\u00e9s de un an\u00e1lisis de riesgos e impacto y el establecimiento de su correspondiente plan de tratamiento de riesgos no aceptados por la organizaci\u00f3n.<\/span><\/p>\n<p><span lang=\"CA\">La implantaci\u00f3n del SGSI es responsabilidad principal del responsable del tratamiento (o responsable del SGSI) apoyado en todo momento por personal t\u00e9cnico y con el total apoyo de gerencia.<\/span><\/p>\n<p><span lang=\"CA\">En base a los resultados obtenidos en la fase de planificaci\u00f3n, se implantan determinados controles de seguridad, adem\u00e1s de operar los procedimientos del SGSI para dar cumplimiento al RGPD y LOPD.<\/span><\/p>\n<h5><span lang=\"CA\">4 Revisi\u00f3n<br \/>\n<\/span><\/h5>\n<p><span lang=\"CA\">La pol\u00edtica de seguridad de la informaci\u00f3n y lo SGSI son revisados regularmente a intervalos planificados o si ocurren cambios significativos para asegurar la continua idoneidad, eficacia y efectividad. De manera gen\u00e9rica son revisados anualmente junto con los procesos de auditor\u00eda interna del SGSI.<br \/>\nExisten procedimientos de monitorizaci\u00f3n que aportan informaci\u00f3n sobre el correcto desempe\u00f1o del SGSI. <\/span><\/p>\n<p><span lang=\"CA\">La direcci\u00f3n tambi\u00e9n juega un importante papel en la revisi\u00f3n del sistema, realizando un profundo an\u00e1lisis del sistema y encontrando posibles mejoras y deficiencias.<br \/>\nCon todos estos datos de entrada, se realiza una revisi\u00f3n global por parte de la comisi\u00f3n de protecci\u00f3n de datos.<\/span><\/p>\n<h5><span lang=\"CA\">5 Mejorar<\/span><\/h5>\n<p><span lang=\"CA\">Las posibles mejoras de la pol\u00edtica de seguridad de la informaci\u00f3n y del SGSI son establecidas bien durante las fases de revisi\u00f3n o bien en base a aportaciones que se consideren interesantes tanto de personal de la Empresa como de personal externo.<\/span><\/p>\n<p><span lang=\"CA\">Estas mejoras son evaluadas y una vez estudiada su viabilidad, son implementadas, operadas y mantenidas. Todo lo SGSI se enmarca dentro del ciclo de Demming (ciclo PDCA), su implantaci\u00f3n y operaci\u00f3n, su revisi\u00f3n y su posterior mejora. Todo esto aplicado a la seguridad de la informaci\u00f3n.  <\/span><\/p>\n<\/div><\/div><\/div><\/div><\/div>\n","protected":false},"excerpt":{"rendered":"","protected":false},"author":1,"featured_media":0,"parent":0,"menu_order":0,"comment_status":"closed","ping_status":"closed","template":"100-width.php","meta":{"_acf_changed":false,"footnotes":""},"class_list":["post-16387","page","type-page","status-publish","hentry"],"acf":[],"_links":{"self":[{"href":"https:\/\/joviat.com\/es\/wp-json\/wp\/v2\/pages\/16387","targetHints":{"allow":["GET"]}}],"collection":[{"href":"https:\/\/joviat.com\/es\/wp-json\/wp\/v2\/pages"}],"about":[{"href":"https:\/\/joviat.com\/es\/wp-json\/wp\/v2\/types\/page"}],"author":[{"embeddable":true,"href":"https:\/\/joviat.com\/es\/wp-json\/wp\/v2\/users\/1"}],"replies":[{"embeddable":true,"href":"https:\/\/joviat.com\/es\/wp-json\/wp\/v2\/comments?post=16387"}],"version-history":[{"count":4,"href":"https:\/\/joviat.com\/es\/wp-json\/wp\/v2\/pages\/16387\/revisions"}],"predecessor-version":[{"id":16391,"href":"https:\/\/joviat.com\/es\/wp-json\/wp\/v2\/pages\/16387\/revisions\/16391"}],"wp:attachment":[{"href":"https:\/\/joviat.com\/es\/wp-json\/wp\/v2\/media?parent=16387"}],"curies":[{"name":"wp","href":"https:\/\/api.w.org\/{rel}","templated":true}]}}