{"id":16394,"date":"2024-04-03T10:11:00","date_gmt":"2024-04-03T10:11:00","guid":{"rendered":"https:\/\/www.joviat.com\/aviso-legal\/"},"modified":"2025-08-20T07:11:29","modified_gmt":"2025-08-20T07:11:29","slug":"aviso-legal","status":"publish","type":"page","link":"https:\/\/joviat.com\/es\/aviso-legal\/","title":{"rendered":"Aviso Legal"},"content":{"rendered":"<div class=\"fusion-fullwidth fullwidth-box fusion-builder-row-1 fusion-flex-container has-pattern-background has-mask-background nonhundred-percent-fullwidth non-hundred-percent-height-scrolling\" style=\"--awb-border-radius-top-left:0px;--awb-border-radius-top-right:0px;--awb-border-radius-bottom-right:0px;--awb-border-radius-bottom-left:0px;--awb-padding-top:7%;--awb-padding-right:7%;--awb-padding-bottom:7%;--awb-padding-left:7%;--awb-flex-wrap:wrap;\" ><div class=\"fusion-builder-row fusion-row fusion-flex-align-items-flex-start fusion-flex-content-wrap\" style=\"max-width:1820px;margin-left: calc(-4% \/ 2 );margin-right: calc(-4% \/ 2 );\"><div class=\"fusion-layout-column fusion_builder_column fusion-builder-column-0 fusion_builder_column_1_1 1_1 fusion-flex-column\" style=\"--awb-bg-size:cover;--awb-width-large:100%;--awb-margin-top-large:0px;--awb-spacing-right-large:1.92%;--awb-margin-bottom-large:0px;--awb-spacing-left-large:1.92%;--awb-width-medium:100%;--awb-spacing-right-medium:1.92%;--awb-spacing-left-medium:1.92%;--awb-width-small:100%;--awb-spacing-right-small:1.92%;--awb-spacing-left-small:1.92%;\"><div class=\"fusion-column-wrapper fusion-flex-justify-content-flex-start fusion-content-layout-column\"><div class=\"fusion-text fusion-text-1\"><h4>1. Identificaci\u00f3n del Prestador de Servicios<\/h4>\n<p>Este Aviso Legal regula el uso del servicio de la p\u00e1gina web propiedad de FUNDACI\u00d3N JOVIAT, centro educativo 08020036, con domicilio social en Calle Rubi\u00f3 y Ors, 5 de MANRESA, C\u00f3digo postal: 08241, Provincia: BARCELONA con CIF G-60374022 y que pose a disposici\u00f3n de los usuarios de Internet. La utilizaci\u00f3n de la p\u00e1gina web atribuye la condici\u00f3n de usuario de la web (de ahora en adelante, \u201cUsuario\u201d) e implica la aceptaci\u00f3n llena y sin reservas de todas y cada una de las disposiciones incluidas en este Aviso Legal desde el momento mismo en que el Usuario acceda en la web. En consecuencia, el Usuario tiene que leer atentamente este texto en cada una de las ocasiones en que se proponga consultar la web, puesto que el contenido de la web puede sufrir modificaciones.  <\/p>\n<h4>2. Alcance del Aviseo legal y condiciones de uso<\/h4>\n<p>Con la navegaci\u00f3n y el uso de este web se adquiere la condici\u00f3n de usuario. Como tal, el usuario acepta la totalidad de este Aviso Legal y de la Pol\u00edtica de Privacidad, de forma llena y sin ning\u00fan tipo de reserva. Tambi\u00e9n acepta la instalaci\u00f3n de Cookies seg\u00fan las preferencias seleccionadas en el centro de preferencias o CMP (Consiente Management Platform) habilidad en nuestra web. Pod\u00e9is conocer que cookies utilizamos a nuestra Pol\u00edtica de Cookies.<br \/>\nPor favor, como usuario de este sitio web, le\u00e9is este Aviso Legal en que establecemos las Condiciones Generales que regulan tanto el acceso, como la navegaci\u00f3n, as\u00ed como el uso de los contenidos de Joviat.com.<br \/>\nOs informamos que adem\u00e1s de estas Condiciones Generales reguladas en este Aviso Legal, podremos establecer condiciones particulares que regulen el uso de servicios espec\u00edficos ofrecidos a trav\u00e9s de esta p\u00e1gina web. En caso de desacuerdo entre aquello establecido en estas Condiciones Generales y las condiciones particulares que regulen un servicio concreto, prevalecer\u00e1n (por el principio de especialidad) las condiciones particulares establecidas para el servicio concreto.<br \/>\nComo usuario se compromete a hacer un uso adecuado del sitio web y de los contenidos que Joviat.com ofrece a trav\u00e9s del web. Con car\u00e1cter enunciativo, pero no limitativo, se proh\u00edbe el usuario al sitio web:<br \/>\n1. Incurrir en actividades il\u00edcitas, ilegales o contrarias a la buena fe y al orden p\u00fablico.<br \/>\n2. Difundir contenidos o propaganda de car\u00e1cter racista, xen\u00f3fobo, pornogr\u00e1fico-ilegal, de apolog\u00eda del terrorismo o atentatorio contra los derechos humanos.<br \/>\n3. Provocar da\u00f1os en los sistemas f\u00edsicos y l\u00f3gicos de la p\u00e1gina web, de sus proveedores o de terceras personas, introducir o difundir en la red virus inform\u00e1ticos o cualesquiera otros sistemas f\u00edsicos o l\u00f3gicos que sean susceptibles de provocar los da\u00f1os anteriormente mencionados.<br \/>\n4. Intentar acceder y, si se tercia, utilizar las cuentas de correo electr\u00f3nico otros usuarios y modificar o manipular sus mensajes.<br \/>\n5. Cualquier utilizaci\u00f3n del sitio web diferente a la autorizada est\u00e1 expresamente prohibida. Joviat.com se reserva el derecho a retirar de la p\u00e1gina web y de sus redes sociales todos aquellos comentarios y aportaciones de los usuarios que vulneren el respecto a la dignidad de la persona, que sean discriminatorios, xen\u00f3fobos, racistas, pornogr\u00e1ficos, que atenten contra la juventud o la infancia, la orden o la seguridad p\u00fablica o que, seg\u00fan su opini\u00f3n. <\/p>\n<p>En cualquier caso, Joviat.com no ser\u00e1 responsable de las opiniones dadas por los usuarios a trav\u00e9s del web, bloque, redes sociales u otras herramientas de participaci\u00f3n social que se puedan crear.<\/p>\n<h4>3. Propiedad Intelectual y propiedad industrial<\/h4>\n<p>Todos los derechos sobre los contenidos de esta web pertenecen a Joviat.com, excepto aquellos que pertenezcan a sus clientes, partners o proveedores de contenidos. Como usuario, puede visualizar y mostrar el contenido de la p\u00e1gina web en la pantalla de un ordenador, tableta, smartphone o dispositivo equivalente, almacenar este contenido en formato electr\u00f3nico en la memoria interna del dispositivo (pero no en un servidor ni en un dispositivo de memoria conectado a Internet) o imprimir una copia de contenido para su uso personal y no comercial, debiendo, aun as\u00ed, mantener toda la informaci\u00f3n relacionada con los derechos de propiedad intelectual.<br \/>\nEl acceso en la p\u00e1gina web no le confiere como usuario ning\u00fan derecho sobre el contenido de esta p\u00e1gina web.<br \/>\nA t\u00edtulo enunciativo y no exhaustivo, el dise\u00f1o, im\u00e1genes, mapas, gr\u00e1ficos, marcos (\u201cframes\u201d), banners, el software y sus diferentes c\u00f3digos, fuente y objeto, y otros elementos integradores de la p\u00e1gina web son titularidad de Joviat.com, que posee leg\u00edtimamente los derechos de explotaci\u00f3n sobre estos. En consecuencia, como usuario que accede en la web no puede en ning\u00fan concepto copiarlos, modificarlos, distribuirlos, transmitirlos, reproducirlos, publicarlos, licenciarlos, cederlos, venderlos o transmitirlos de cualquier forma, o crear nuevos productos o servicios derivados de la informaci\u00f3n y elementos aqu\u00ed contenidos. Queda \u00fanicamente autorizada la mera visualizaci\u00f3n y carga para el uso personal y no comercial del usuario.<br \/>\nQuedan prohibidos los recursos tecnol\u00f3gicos o t\u00e9cnicos, por los cuales un tercero o el usuario puedan beneficiarse con lucro o sin de los contenidos, formas, \u00edndices, y otras expresiones formales que formen parte de la p\u00e1gina web. En particular, queda prohibida cualquier alteraci\u00f3n de la web que pueda afectar su contenido actual, como por ejemplo enlaces, hiperenlla\u00e7os, enmarcado (\u201cframing\u201d), o similares.<br \/>\nCualquier uso indebido de las mismas por personas diferentes de su leg\u00edtimo titular y sin el consentimiento expreso e inequ\u00edvoco por parte de este podr\u00e1 ser denunciado y perseguido a trav\u00e9s de todos los medios legales existentes al Ordenamiento Jur\u00eddico espa\u00f1ol y\/o Comunitario.   <\/p>\n<h4>4. Pol\u00edtica de links<\/h4>\n<p>Los Links son enlaces de hipertexto que vinculan otra web o recurso.<br \/>\nEnlaces de Joviat.com en p\u00e1ginas web de terceros: En esta web podr\u00e9is encontrar links en otras p\u00e1ginas web gestionadas por terceros. Joviat.com no puede controlar la informaci\u00f3n, contenidos, productos o servicios facilitados a otros sitios web. No nos hacemos responsables del contenido u otros aspectos de p\u00e1ginas web ajenas. Os recomendamos que cuando acced\u00e9is en otras p\u00e1ginas web le\u00e9is con atenci\u00f3n vuestra Pol\u00edtica de privacidad y vuestros<br \/>\nt\u00e9rminos y condiciones de uso.<br \/>\nEnlaces externos con destino a Joviat.com: Si cualquier otro sitio web, usuario o entidad, quiere establecer un link o hiperenlla\u00e7 con destino a<br \/>\nJoviat.com, este enlace tendr\u00e1 que someterse en las condiciones que a continuaci\u00f3n se detallan:<br \/>\n1. El link ir\u00e1 dirigido a la p\u00e1gina principal o a cualquier de las secciones. El link, en cualquier caso, tiene que ser absoluto y completo llevando el usuario con un solo clic a la URL de la p\u00e1gina web o a la URL de cualquier de las secciones de los webs. El link tiene que incluir toda la extensi\u00f3n de pantalla de la p\u00e1gina web.<br \/>\n2. En ning\u00fan caso, excepto expr\u00e9s autorizaci\u00f3n por escrito por parte de Joviat.com, el sitio web que establece el enlace podr\u00e1 reproducir de cualquier manera la p\u00e1gina web Joviat.com, incluy\u00e9ndolo como parte integrante de su web, utilizando marcos (framing), redireccionaments o cualquier otra medida que suponga ocultar el origen de la informaci\u00f3n.<br \/>\n3. No se autorizan el establecimiento de links a Joviat.com, desde sitios web que contengan contenidos il\u00edcitos, ilegales, degradantes u obscenos, contraviniendo la Ley o el orden p\u00fablico.     <\/p>\n<h4>5. Exoneraci\u00f3n de Responsabilidad<\/h4>\n<p>Los contenidos de la p\u00e1gina web pueden tener incorrecciones o errores. Joviat.com no es responsable, ni podr\u00e1 responsabilizarse, de cualquier medio o manera, por las incorrecciones o errores, da\u00f1os causados o resultantes de la utilizaci\u00f3n de informaci\u00f3n derivada de la p\u00e1gina web, o a trav\u00e9s de la p\u00e1gina web, por parte de los usuarios. El usuario es el \u00fanico y exclusivo responsable de la evaluaci\u00f3n de la informaci\u00f3n y contenidos obtenidos mediante la p\u00e1gina web.<br \/>\nEn particular, Joviat.com no asume ninguna responsabilidad sobre la veracidad de la informaci\u00f3n directamente originada por sus usuarios, ya sean ofertas y\/o demandas, comentarios a la web del bloque o redes sociales sobre productos o servicios, informaci\u00f3n corporativa de empresas, o qualsevo otro contenido procedente de documentaci\u00f3n propia de los usuarios.<br \/>\nEn ning\u00fan caso Joviat.com ser\u00e1 responsable de cualquier tipo de perjuicio, p\u00e9rdidas, reclamaciones o gastos de ning\u00fan tipo, tanto si procede, directa o indirectamente, del uso y\/o difusi\u00f3n de la p\u00e1gina web o de la informaci\u00f3n, de fallos operativos o de interrupciones en el servicio o transmisi\u00f3n o de fallos en la l\u00ednea en el uso de la web, tanto por conexi\u00f3n directa como por v\u00ednculos u otros pueden pasar.<br \/>\nJoviat.com se reserva la facultad de modificar, suspender, cancelar o restringir el contenido de la p\u00e1gina web, los v\u00ednculos o la informaci\u00f3n obtenida a trav\u00e9s de esta, sin necesidad de previo aviso y sin que se genere ning\u00fan tipo de indemnizaci\u00f3n de ning\u00fan tipo. Joviat.com, en ning\u00fan caso, asume ninguna responsabilidad como consecuencia de la incorrecta utilizaci\u00f3n de la web que pueda llevar a cabo el usuario, tanto de la informaci\u00f3n como de los productos o servicios contenidos a la web. <\/p>\n<h4>6. Pol\u00edtica de Privacidad<\/h4>\n<p>El Reglamento (UE) 2016\/679 del Parlamento Europeo y del Consejo, de 27 de abril del 2016, relativo a la protecci\u00f3n de las personas f\u00edsicas en cuanto al tratamiento de datos personales y a la libre circulaci\u00f3n de estos datos y por el cual se deroga la Directiva 95\/46\/CE (RGPD) define los datos personales como:<br \/>\nToda informaci\u00f3n relacionada con una persona f\u00edsica identificada o identificable.<br \/>\nSe considera persona f\u00edsica identificable toda persona la identidad de la cual se pueda determinar, directa o indirectamente, en particular mediante un identificador, como por ejemplo un nombre, un n\u00famero de identificaci\u00f3n, datos de localizaci\u00f3n, un identificador en l\u00ednea o uno o varios elementos propios de la identidad f\u00edsica, fisiol\u00f3gica, gen\u00e9tica, ps\u00edquica, econ\u00f3mica, cultural o social de la persona mencionada.<br \/>\nA Joviat.com estamos profundamente comprometidos con el cumplimiento de la normativa de protecci\u00f3n de datos personales y garantizamos el cumplimiento \u00edntegro de las obligaciones, as\u00ed como la implementaci\u00f3n de las medidas de seguridad dispuestas al RGPD y la normativa espa\u00f1ola de protecci\u00f3n de datos. Para mayor informaci\u00f3n, pod\u00e9is visitar nuestra Pol\u00edtica de Privacidad. <\/p>\n<h4>7. Anal\u00edtica Web y uso de \u201cCookies\u201dy \u201cDARD\u2019s\u201d<\/h4>\n<p>Cuando se accede en la p\u00e1gina web, se generan de forma autom\u00e1tica e imperceptible archivos de texto a vuestro equipo denominados \u201cCookies\u201d o \u201cDARD\u2019s\u201d Dispositivos de Almacenamiento y Recuperaci\u00f3n de Informaci\u00f3n. En estos ficheros se almacenan un m\u00ednimo de informaci\u00f3n que permite reconocerlo como visitante previo y eventualmente adaptar la configuraci\u00f3n y contenido a sus preferencias al acceder en la web.<br \/>\nPuede rechazar el uso de \u201cCookies\u201d mediante la selecci\u00f3n de la configuraci\u00f3n apropiada en su navegador y a trav\u00e9s del centro de preferencias de Cookies habilitado. Cumpliendo as\u00ed las directrices de la AEPD plasmadas en la Gu\u00eda sobre el uso de Cookies.<br \/>\nPara mayor informaci\u00f3n puede acceder a nuestra Pol\u00edtica de Cookies.  <\/p>\n<h4>8. Normas para la publicaci\u00f3n de comentarios<\/h4>\n<p>Eventualmente, el usuario de la p\u00e1gina web puede realizar comentarios porque sean publicados. La utilizaci\u00f3n de este servicio queda sujeta en las siguientes cl\u00e1usulas:<br \/>\n1. La publicaci\u00f3n del comentario es totalmente discrecional a criterio exclusivo de Joviat.com. Como usuario acepta la posibilidad que el comentario no sea publicado. La no publicaci\u00f3n del material enviado no dar\u00e1 lugar a ning\u00fan tipo de indemnizaci\u00f3n.<br \/>\n2. Responsabilidad del usuario. Al participar en espacios eventualmente habilitados, el usuario es el \u00fanico responsable de los mensajes que difunda a trav\u00e9s de aquellos, garantizando a Joviat.com la total indemnidad frente cualquier reclamaci\u00f3n que pudiera plante\u00e1rsele por tales conceptos.<br \/>\n3. En caso de que los mensajes contengan material protegido por derechos de propiedad intelectual o industrial, como usuario garantiza que es su propietario o cuenta con la autorizaci\u00f3n del propietario o licencia de uso para difundirlo. Eximiendo a Joviat.com de cualquier reclamaci\u00f3n de terceros que se planteara por tales conceptos.<br \/>\n4. Contenidos: como usuario deber\u00e1, antes de publicar un mensaje o comentario, elegir el espacio adecuado. Aquellos mensajes que no se ajusten a la tem\u00e1tica de contenidos de la web ser\u00e1n eliminados. En la publicaci\u00f3n de comentarios, no se aceptan anuncios, cadenas de mensajes de correo electr\u00f3nico o cualquier otro contenido que no sea opinar o debatir sobre art\u00edculos o noticias. Al utilizar los servicios, como usuario manifiesta su total conformidad con estas Condiciones Generales, comprometi\u00e9ndose a no utilizar nuestros canales y espacios habilitados para enviar mensajes que difamen o insulten, o que contengan informaci\u00f3n falsa, que sea inapropiada, abusiva, nociva, pornogr\u00e1fica, amenazante, da\u00f1ando la imagen p\u00fablica y\/o la vida privada de terceras personas o que por alguna causa infrinjan alguna ley. Respeto mutuo: como usuario tendr\u00e1 que respetar al resto de usuarios, siente tolerante y respetuoso con los mensajes y opiniones de los otros usuarios.<br \/>\n5. Joviat.com, podr\u00e1 limitar, en la medida que tuviera conocimiento de esto, el acceso a la web, blog y redes sociales corporativas de opiniones, informaciones, comentarios, im\u00e1genes y, en general, de cualquier clase de material que vulnere lo dispuesto anteriormente. De acuerdo con el anterior, Joviat.com estar\u00e1 legitimada para suspender de manera inmediata la prestaci\u00f3n del servicio y, en su caso, para retirar los contenidos presunta o declaradamente ilegales, a su exclusivo criterio, o a petici\u00f3n de tercero afectado o de la autoridad competente.<br \/>\n6. Cesi\u00f3n del contenido: Joviat.com se reserva el derecho a reproducir, modificar, o difundir los mensajes publicados en la web o los blogs o redes sociales conforme a los t\u00e9rminos y medios convenientes, sin que por eso corresponda al usuario ning\u00fan tipo de compensaci\u00f3n.<br \/>\n7. Exoneraci\u00f3n de responsabilidad: Joviat.com no es responsable del publicado en los comentarios y noticias de la web ni garantiza la veracidad o exactitud de ninguna informaci\u00f3n publicada en estos. Corresponde al usuario remitente de los mensajes o informaciones la responsabilidad sobre su contenido.<br \/>\n8. No integridad del servicio: Joviat.com no garantiza la disponibilidad ni continuidad de las secciones de comentarios y noticias de su web y\/o blog, pudiendo modificarlo, suspenderlo o eliminarlo de la web sin previo aviso, en cualquier momento.<br \/>\n9. Denuncia: En el supuesto de que como usuario pueda verse afectado por actuaciones ilegales, o detecte un mal uso de las secciones de la web por parte otros usuarios, puede ponerlo en conocimiento de Joviat.com, a trav\u00e9s del correo electr\u00f3nico rgpd@joviat.cat, indicando en la referencia del asunto \u201cmoderaci\u00f3n de contenido de usuarios\u201d, porque procedemos a moderar o eliminar los mismos.<br \/>\n10. Indemnidad: Como usuario mantendr\u00e1 indemne a Joviat.com frente a cualquier reclamaci\u00f3n que pudiera presentarse por los mensajes que haya difundido en los blogs o por cualquier otra conducta vinculada o derivada de la utilizaci\u00f3n de la web, blogs o redes sociales corporativas, titularidad de Joviat.com.<br \/>\n9. Derecho de exclusi\u00f3n: Nos reservamos el derecho a denegar o retirar el acceso en la p\u00e1gina web, blog y\/o los servicios ofrecidos sin necesidad de preaviso, a instancia propia o de un tercero, a aquellos usuarios que incumplan las presentes condiciones de uso.<br \/>\n10. Generalidades: Perseguiremos el incumplimiento de las presentes condiciones, as\u00ed como cualquier utilizaci\u00f3n indebida de la web, ejerciendo todas las acciones civiles y penaltis disponibles en el ordenamiento jur\u00eddico espa\u00f1ol y\/o Comunitario.<br \/>\n11. Modificaci\u00f3n de las presentes condiciones y duraci\u00f3n: Podremos modificar en cualquier momento las condiciones aqu\u00ed determinadas sin ninguna obligaci\u00f3n de preaviso a los usuarios. La vigencia de las citadas condiciones ir\u00e1 en funci\u00f3n de su exposici\u00f3n y estar\u00e1n vigentes hasta que sean modificadas por otras debidamente publicadas.<br \/>\n12. Legislaci\u00f3n aplicable y fuero jurisdiccional competente Este Aviso Legal y las condiciones generales que en \u00e9l se determinan se regir\u00e1n por la legislaci\u00f3n espa\u00f1ola.<br \/>\nJoviat.com y el usuario, renuncian de manera expr\u00e9s a cualquier otro fuero que pudiera corresponderlos. Someti\u00e9ndose a la Jurisdicci\u00f3n de los Juzgados y Tribunales de la Ciudad de Manresa, salvo que se tenga que aplicar un fuero diferente en virtud de la aplicaci\u00f3n de la Ley de Consumidores y Usuarios.  <\/p>\n<\/div><\/div><\/div><\/div><\/div>\n","protected":false},"excerpt":{"rendered":"","protected":false},"author":1,"featured_media":0,"parent":0,"menu_order":0,"comment_status":"closed","ping_status":"closed","template":"100-width.php","meta":{"_acf_changed":false,"footnotes":""},"class_list":["post-16394","page","type-page","status-publish","hentry"],"acf":[],"_links":{"self":[{"href":"https:\/\/joviat.com\/es\/wp-json\/wp\/v2\/pages\/16394","targetHints":{"allow":["GET"]}}],"collection":[{"href":"https:\/\/joviat.com\/es\/wp-json\/wp\/v2\/pages"}],"about":[{"href":"https:\/\/joviat.com\/es\/wp-json\/wp\/v2\/types\/page"}],"author":[{"embeddable":true,"href":"https:\/\/joviat.com\/es\/wp-json\/wp\/v2\/users\/1"}],"replies":[{"embeddable":true,"href":"https:\/\/joviat.com\/es\/wp-json\/wp\/v2\/comments?post=16394"}],"version-history":[{"count":4,"href":"https:\/\/joviat.com\/es\/wp-json\/wp\/v2\/pages\/16394\/revisions"}],"predecessor-version":[{"id":16398,"href":"https:\/\/joviat.com\/es\/wp-json\/wp\/v2\/pages\/16394\/revisions\/16398"}],"wp:attachment":[{"href":"https:\/\/joviat.com\/es\/wp-json\/wp\/v2\/media?parent=16394"}],"curies":[{"name":"wp","href":"https:\/\/api.w.org\/{rel}","templated":true}]}}